{"id":1101,"date":"2023-05-16T11:11:26","date_gmt":"2023-05-16T09:11:26","guid":{"rendered":"https:\/\/sport-alencon.fr\/?page_id=1101"},"modified":"2025-07-29T13:33:16","modified_gmt":"2025-07-29T11:33:16","slug":"documentation","status":"publish","type":"page","link":"https:\/\/sport-alencon.fr\/index.php\/documentation\/","title":{"rendered":"Documentation"},"content":{"rendered":"\t\t<div data-elementor-type=\"wp-page\" data-elementor-id=\"1101\" class=\"elementor elementor-1101\" data-elementor-post-type=\"page\">\n\t\t\t\t\t\t<section class=\"elementor-section elementor-top-section elementor-element elementor-element-a582943 elementor-section-boxed elementor-section-height-default elementor-section-height-default\" data-id=\"a582943\" data-element_type=\"section\">\n\t\t\t\t\t\t<div class=\"elementor-container elementor-column-gap-default\">\n\t\t\t\t\t<div class=\"elementor-column elementor-col-100 elementor-top-column elementor-element elementor-element-66a5797\" data-id=\"66a5797\" data-element_type=\"column\">\n\t\t\t<div class=\"elementor-widget-wrap elementor-element-populated\">\n\t\t\t\t\t\t<div class=\"elementor-element elementor-element-d5759fa elementor-widget elementor-widget-text-editor\" data-id=\"d5759fa\" data-element_type=\"widget\" data-widget_type=\"text-editor.default\">\n\t\t\t\t<div class=\"elementor-widget-container\">\n\t\t\t\t\t\t\t<p>Les documents essentiels \u00e0 la vie du club\u00a0<\/p>\t\t\t\t\t\t<\/div>\n\t\t\t\t<\/div>\n\t\t\t\t\t<\/div>\n\t\t<\/div>\n\t\t\t\t\t<\/div>\n\t\t<\/section>\n\t\t\t\t<section class=\"elementor-section elementor-top-section elementor-element elementor-element-5fc68fb elementor-section-boxed elementor-section-height-default elementor-section-height-default\" data-id=\"5fc68fb\" data-element_type=\"section\">\n\t\t\t\t\t\t<div class=\"elementor-container elementor-column-gap-default\">\n\t\t\t\t\t<div class=\"elementor-column elementor-col-33 elementor-top-column elementor-element elementor-element-c4fc34d\" data-id=\"c4fc34d\" data-element_type=\"column\">\n\t\t\t<div class=\"elementor-widget-wrap elementor-element-populated\">\n\t\t\t\t\t\t<div class=\"elementor-element elementor-element-48aaa66 elementor-widget elementor-widget-text-editor\" data-id=\"48aaa66\" data-element_type=\"widget\" data-widget_type=\"text-editor.default\">\n\t\t\t\t<div class=\"elementor-widget-container\">\n\t\t\t\t\t\t\t<h3>\u00a0<\/h3><p><img fetchpriority=\"high\" decoding=\"async\" class=\"alignnone size-medium wp-image-3085\" src=\"https:\/\/sport-alencon.fr\/wp-content\/uploads\/2024\/10\/2024-10-22-organigramme-1-300x300.png\" alt=\"\" width=\"300\" height=\"300\" srcset=\"https:\/\/sport-alencon.fr\/wp-content\/uploads\/2024\/10\/2024-10-22-organigramme-1-300x300.png 300w, https:\/\/sport-alencon.fr\/wp-content\/uploads\/2024\/10\/2024-10-22-organigramme-1-1024x1024.png 1024w, https:\/\/sport-alencon.fr\/wp-content\/uploads\/2024\/10\/2024-10-22-organigramme-1-150x150.png 150w, https:\/\/sport-alencon.fr\/wp-content\/uploads\/2024\/10\/2024-10-22-organigramme-1-768x768.png 768w, https:\/\/sport-alencon.fr\/wp-content\/uploads\/2024\/10\/2024-10-22-organigramme-1.png 1300w\" sizes=\"(max-width: 300px) 100vw, 300px\" \/><\/p>\t\t\t\t\t\t<\/div>\n\t\t\t\t<\/div>\n\t\t\t\t<div class=\"elementor-element elementor-element-e5f039a elementor-align-center elementor-widget elementor-widget-button\" data-id=\"e5f039a\" data-element_type=\"widget\" data-widget_type=\"button.default\">\n\t\t\t\t<div class=\"elementor-widget-container\">\n\t\t\t\t\t<div class=\"elementor-button-wrapper\">\n\t\t\t<a class=\"elementor-button elementor-button-link elementor-size-sm\" href=\"https:\/\/sport-alencon.fr\/wp-content\/uploads\/2025\/07\/07-2025-Organigramme.png\" target=\"_blank\" id=\"statut\">\n\t\t\t\t\t\t<span class=\"elementor-button-content-wrapper\">\n\t\t\t\t\t\t\t\t\t<span class=\"elementor-button-text\">T\u00e9l\u00e9charger <\/span>\n\t\t\t\t\t<\/span>\n\t\t\t\t\t<\/a>\n\t\t<\/div>\n\t\t\t\t<\/div>\n\t\t\t\t<\/div>\n\t\t\t\t<div class=\"elementor-element elementor-element-54e6177 elementor-widget elementor-widget-text-editor\" data-id=\"54e6177\" data-element_type=\"widget\" data-widget_type=\"text-editor.default\">\n\t\t\t\t<div class=\"elementor-widget-container\">\n\t\t\t\t\t\t\t<h3>\u00a0<\/h3><p><img decoding=\"async\" class=\"alignnone wp-image-3754 size-medium\" src=\"https:\/\/sport-alencon.fr\/wp-content\/uploads\/2025\/07\/Mecenat-300x300.png\" alt=\"\" width=\"300\" height=\"300\" srcset=\"https:\/\/sport-alencon.fr\/wp-content\/uploads\/2025\/07\/Mecenat-300x300.png 300w, https:\/\/sport-alencon.fr\/wp-content\/uploads\/2025\/07\/Mecenat-150x150.png 150w, https:\/\/sport-alencon.fr\/wp-content\/uploads\/2025\/07\/Mecenat.png 768w\" sizes=\"(max-width: 300px) 100vw, 300px\" \/><\/p>\t\t\t\t\t\t<\/div>\n\t\t\t\t<\/div>\n\t\t\t\t<div class=\"elementor-element elementor-element-41f7664 elementor-align-center elementor-widget elementor-widget-button\" data-id=\"41f7664\" data-element_type=\"widget\" data-widget_type=\"button.default\">\n\t\t\t\t<div class=\"elementor-widget-container\">\n\t\t\t\t\t<div class=\"elementor-button-wrapper\">\n\t\t\t<a class=\"elementor-button elementor-button-link elementor-size-sm\" href=\"https:\/\/sport-alencon.fr\/wp-content\/uploads\/2024\/05\/ASTMNA-MECENAT.pdf\" target=\"_blank\" id=\"statut\">\n\t\t\t\t\t\t<span class=\"elementor-button-content-wrapper\">\n\t\t\t\t\t\t\t\t\t<span class=\"elementor-button-text\">T\u00e9l\u00e9charger <\/span>\n\t\t\t\t\t<\/span>\n\t\t\t\t\t<\/a>\n\t\t<\/div>\n\t\t\t\t<\/div>\n\t\t\t\t<\/div>\n\t\t\t\t\t<\/div>\n\t\t<\/div>\n\t\t\t\t<div class=\"elementor-column elementor-col-33 elementor-top-column elementor-element elementor-element-29bbc35\" data-id=\"29bbc35\" data-element_type=\"column\" data-settings=\"{&quot;background_background&quot;:&quot;classic&quot;}\">\n\t\t\t<div class=\"elementor-widget-wrap elementor-element-populated\">\n\t\t\t\t\t\t<div class=\"elementor-element elementor-element-e7a0e91 elementor-widget elementor-widget-text-editor\" data-id=\"e7a0e91\" data-element_type=\"widget\" data-widget_type=\"text-editor.default\">\n\t\t\t\t<div class=\"elementor-widget-container\">\n\t\t\t\t\t\t\t<h3>\u00a0<\/h3><p><img decoding=\"async\" class=\"alignnone wp-image-3091 size-medium\" src=\"https:\/\/sport-alencon.fr\/wp-content\/uploads\/2024\/10\/2024-10-22-statuts-1-300x300.png\" alt=\"\" width=\"300\" height=\"300\" srcset=\"https:\/\/sport-alencon.fr\/wp-content\/uploads\/2024\/10\/2024-10-22-statuts-1-300x300.png 300w, https:\/\/sport-alencon.fr\/wp-content\/uploads\/2024\/10\/2024-10-22-statuts-1-1024x1024.png 1024w, https:\/\/sport-alencon.fr\/wp-content\/uploads\/2024\/10\/2024-10-22-statuts-1-150x150.png 150w, https:\/\/sport-alencon.fr\/wp-content\/uploads\/2024\/10\/2024-10-22-statuts-1-768x768.png 768w, https:\/\/sport-alencon.fr\/wp-content\/uploads\/2024\/10\/2024-10-22-statuts-1.png 1300w\" sizes=\"(max-width: 300px) 100vw, 300px\" \/><\/p>\t\t\t\t\t\t<\/div>\n\t\t\t\t<\/div>\n\t\t\t\t<div class=\"elementor-element elementor-element-01d819e elementor-align-center elementor-widget elementor-widget-button\" data-id=\"01d819e\" data-element_type=\"widget\" data-widget_type=\"button.default\">\n\t\t\t\t<div class=\"elementor-widget-container\">\n\t\t\t\t\t<div class=\"elementor-button-wrapper\">\n\t\t\t<a class=\"elementor-button elementor-button-link elementor-size-sm\" href=\"https:\/\/sport-alencon.fr\/wp-content\/uploads\/2023\/05\/ASTMNA-statuts-modifies-140423-signes.pdf\" id=\"statut\">\n\t\t\t\t\t\t<span class=\"elementor-button-content-wrapper\">\n\t\t\t\t\t\t\t\t\t<span class=\"elementor-button-text\">T\u00e9l\u00e9charger <\/span>\n\t\t\t\t\t<\/span>\n\t\t\t\t\t<\/a>\n\t\t<\/div>\n\t\t\t\t<\/div>\n\t\t\t\t<\/div>\n\t\t\t\t\t<\/div>\n\t\t<\/div>\n\t\t\t\t<div class=\"elementor-column elementor-col-33 elementor-top-column elementor-element elementor-element-6f272ef\" data-id=\"6f272ef\" data-element_type=\"column\">\n\t\t\t<div class=\"elementor-widget-wrap elementor-element-populated\">\n\t\t\t\t\t\t<div class=\"elementor-element elementor-element-d0a46a7 elementor-widget elementor-widget-text-editor\" data-id=\"d0a46a7\" data-element_type=\"widget\" data-widget_type=\"text-editor.default\">\n\t\t\t\t<div class=\"elementor-widget-container\">\n\t\t\t\t\t\t\t<h3>\u00a0<\/h3><p><img loading=\"lazy\" decoding=\"async\" class=\"alignnone wp-image-3096 size-medium\" src=\"https:\/\/sport-alencon.fr\/wp-content\/uploads\/2024\/10\/2024-10-22-reglement-interier-300x300.png\" alt=\"\" width=\"300\" height=\"300\" srcset=\"https:\/\/sport-alencon.fr\/wp-content\/uploads\/2024\/10\/2024-10-22-reglement-interier-300x300.png 300w, https:\/\/sport-alencon.fr\/wp-content\/uploads\/2024\/10\/2024-10-22-reglement-interier-1024x1024.png 1024w, https:\/\/sport-alencon.fr\/wp-content\/uploads\/2024\/10\/2024-10-22-reglement-interier-150x150.png 150w, https:\/\/sport-alencon.fr\/wp-content\/uploads\/2024\/10\/2024-10-22-reglement-interier-768x768.png 768w, https:\/\/sport-alencon.fr\/wp-content\/uploads\/2024\/10\/2024-10-22-reglement-interier.png 1300w\" sizes=\"(max-width: 300px) 100vw, 300px\" \/><\/p>\t\t\t\t\t\t<\/div>\n\t\t\t\t<\/div>\n\t\t\t\t<div class=\"elementor-element elementor-element-f8af542 elementor-align-center elementor-widget elementor-widget-button\" data-id=\"f8af542\" data-element_type=\"widget\" data-widget_type=\"button.default\">\n\t\t\t\t<div class=\"elementor-widget-container\">\n\t\t\t\t\t<div class=\"elementor-button-wrapper\">\n\t\t\t<a class=\"elementor-button elementor-button-link elementor-size-sm\" href=\"https:\/\/sport-alencon.fr\/wp-content\/uploads\/2024\/03\/ASTMNA-reglement_interieur-260623.pdf\" target=\"_blank\" id=\"statut\">\n\t\t\t\t\t\t<span class=\"elementor-button-content-wrapper\">\n\t\t\t\t\t\t\t\t\t<span class=\"elementor-button-text\">T\u00e9l\u00e9charger <\/span>\n\t\t\t\t\t<\/span>\n\t\t\t\t\t<\/a>\n\t\t<\/div>\n\t\t\t\t<\/div>\n\t\t\t\t<\/div>\n\t\t\t\t\t<\/div>\n\t\t<\/div>\n\t\t\t\t\t<\/div>\n\t\t<\/section>\n\t\t\t\t<section class=\"elementor-section elementor-top-section elementor-element elementor-element-868efa4 elementor-section-boxed elementor-section-height-default elementor-section-height-default\" data-id=\"868efa4\" data-element_type=\"section\">\n\t\t\t\t\t\t<div class=\"elementor-container elementor-column-gap-default\">\n\t\t\t\t\t<div class=\"elementor-column elementor-col-100 elementor-top-column elementor-element elementor-element-751632c\" data-id=\"751632c\" data-element_type=\"column\">\n\t\t\t<div class=\"elementor-widget-wrap\">\n\t\t\t\t\t\t\t<\/div>\n\t\t<\/div>\n\t\t\t\t\t<\/div>\n\t\t<\/section>\n\t\t\t\t<section class=\"elementor-section elementor-top-section elementor-element elementor-element-ce0cfb5 elementor-section-boxed elementor-section-height-default elementor-section-height-default\" data-id=\"ce0cfb5\" data-element_type=\"section\">\n\t\t\t\t\t\t<div class=\"elementor-container elementor-column-gap-default\">\n\t\t\t\t\t<div class=\"elementor-column elementor-col-100 elementor-top-column elementor-element elementor-element-ca03d26\" data-id=\"ca03d26\" data-element_type=\"column\">\n\t\t\t<div class=\"elementor-widget-wrap\">\n\t\t\t\t\t\t\t<\/div>\n\t\t<\/div>\n\t\t\t\t\t<\/div>\n\t\t<\/section>\n\t\t\t\t<\/div>\n\t\t","protected":false},"excerpt":{"rendered":"<p>Les documents essentiels \u00e0 la vie du club\u00a0 \u00a0 T\u00e9l\u00e9charger \u00a0 T\u00e9l\u00e9charger \u00a0 T\u00e9l\u00e9charger \u00a0 T\u00e9l\u00e9charger<\/p>\n","protected":false},"author":3,"featured_media":0,"parent":0,"menu_order":0,"comment_status":"closed","ping_status":"closed","template":"","meta":{"footnotes":""},"yoast_head":"<!-- This site is optimized with the Yoast SEO plugin v23.2 - https:\/\/yoast.com\/wordpress\/plugins\/seo\/ -->\n<title>Documentation - ASTMNA<\/title>\n<meta name=\"robots\" content=\"index, follow, max-snippet:-1, max-image-preview:large, max-video-preview:-1\" \/>\n<link rel=\"canonical\" href=\"https:\/\/sport-alencon.fr\/index.php\/documentation\/\" \/>\n<meta property=\"og:locale\" content=\"fr_FR\" \/>\n<meta property=\"og:type\" content=\"article\" \/>\n<meta property=\"og:title\" content=\"Documentation - ASTMNA\" \/>\n<meta property=\"og:description\" content=\"Les documents essentiels \u00e0 la vie du club\u00a0 \u00a0 T\u00e9l\u00e9charger \u00a0 T\u00e9l\u00e9charger \u00a0 T\u00e9l\u00e9charger \u00a0 T\u00e9l\u00e9charger\" \/>\n<meta property=\"og:url\" content=\"https:\/\/sport-alencon.fr\/index.php\/documentation\/\" \/>\n<meta property=\"og:site_name\" content=\"ASTMNA\" \/>\n<meta property=\"article:publisher\" content=\"https:\/\/facebook.com\/yoast\" \/>\n<meta property=\"article:modified_time\" content=\"2025-07-29T11:33:16+00:00\" \/>\n<meta property=\"og:image\" content=\"https:\/\/sport-alencon.fr\/wp-content\/uploads\/2024\/10\/2024-10-22-organigramme-1-300x300.png\" \/>\n<meta name=\"twitter:card\" content=\"summary_large_image\" \/>\n<meta name=\"twitter:label1\" content=\"Dur\u00e9e de lecture estim\u00e9e\" \/>\n\t<meta name=\"twitter:data1\" content=\"1 minute\" \/>\n<script type=\"application\/ld+json\" class=\"yoast-schema-graph\">{\"@context\":\"https:\/\/schema.org\",\"@graph\":[{\"@type\":\"WebPage\",\"@id\":\"https:\/\/sport-alencon.fr\/index.php\/documentation\/\",\"url\":\"https:\/\/sport-alencon.fr\/index.php\/documentation\/\",\"name\":\"Documentation - ASTMNA\",\"isPartOf\":{\"@id\":\"https:\/\/sport-alencon.fr\/#website\"},\"primaryImageOfPage\":{\"@id\":\"https:\/\/sport-alencon.fr\/index.php\/documentation\/#primaryimage\"},\"image\":{\"@id\":\"https:\/\/sport-alencon.fr\/index.php\/documentation\/#primaryimage\"},\"thumbnailUrl\":\"https:\/\/sport-alencon.fr\/wp-content\/uploads\/2024\/10\/2024-10-22-organigramme-1-300x300.png\",\"datePublished\":\"2023-05-16T09:11:26+00:00\",\"dateModified\":\"2025-07-29T11:33:16+00:00\",\"breadcrumb\":{\"@id\":\"https:\/\/sport-alencon.fr\/index.php\/documentation\/#breadcrumb\"},\"inLanguage\":\"fr-FR\",\"potentialAction\":[{\"@type\":\"ReadAction\",\"target\":[\"https:\/\/sport-alencon.fr\/index.php\/documentation\/\"]}]},{\"@type\":\"ImageObject\",\"inLanguage\":\"fr-FR\",\"@id\":\"https:\/\/sport-alencon.fr\/index.php\/documentation\/#primaryimage\",\"url\":\"https:\/\/sport-alencon.fr\/wp-content\/uploads\/2024\/10\/2024-10-22-organigramme-1.png\",\"contentUrl\":\"https:\/\/sport-alencon.fr\/wp-content\/uploads\/2024\/10\/2024-10-22-organigramme-1.png\",\"width\":1300,\"height\":1300},{\"@type\":\"BreadcrumbList\",\"@id\":\"https:\/\/sport-alencon.fr\/index.php\/documentation\/#breadcrumb\",\"itemListElement\":[{\"@type\":\"ListItem\",\"position\":1,\"name\":\"Accueil\",\"item\":\"https:\/\/sport-alencon.fr\/\"},{\"@type\":\"ListItem\",\"position\":2,\"name\":\"Documentation\"}]},{\"@type\":\"WebSite\",\"@id\":\"https:\/\/sport-alencon.fr\/#website\",\"url\":\"https:\/\/sport-alencon.fr\/\",\"name\":\"ASTMNA\",\"description\":\"Club FSGT Multi-activit\u00e9s \u00e0 Alen\u00e7on\",\"publisher\":{\"@id\":\"https:\/\/sport-alencon.fr\/#organization\"},\"potentialAction\":[{\"@type\":\"SearchAction\",\"target\":{\"@type\":\"EntryPoint\",\"urlTemplate\":\"https:\/\/sport-alencon.fr\/?s={search_term_string}\"},\"query-input\":\"required name=search_term_string\"}],\"inLanguage\":\"fr-FR\"},{\"@type\":\"Organization\",\"@id\":\"https:\/\/sport-alencon.fr\/#organization\",\"name\":\"ASTMNA\",\"url\":\"https:\/\/sport-alencon.fr\/\",\"logo\":{\"@type\":\"ImageObject\",\"inLanguage\":\"fr-FR\",\"@id\":\"https:\/\/sport-alencon.fr\/#\/schema\/logo\/image\/\",\"url\":\"https:\/\/sport-alencon.fr\/wp-content\/uploads\/2021\/03\/20220711140221.png\",\"contentUrl\":\"https:\/\/sport-alencon.fr\/wp-content\/uploads\/2021\/03\/20220711140221.png\",\"width\":500,\"height\":510,\"caption\":\"ASTMNA\"},\"image\":{\"@id\":\"https:\/\/sport-alencon.fr\/#\/schema\/logo\/image\/\"},\"sameAs\":[\"https:\/\/facebook.com\/yoast\"]}]}<\/script>\n<!-- \/ Yoast SEO plugin. -->","yoast_head_json":{"title":"Documentation - ASTMNA","robots":{"index":"index","follow":"follow","max-snippet":"max-snippet:-1","max-image-preview":"max-image-preview:large","max-video-preview":"max-video-preview:-1"},"canonical":"https:\/\/sport-alencon.fr\/index.php\/documentation\/","og_locale":"fr_FR","og_type":"article","og_title":"Documentation - ASTMNA","og_description":"Les documents essentiels \u00e0 la vie du club\u00a0 \u00a0 T\u00e9l\u00e9charger \u00a0 T\u00e9l\u00e9charger \u00a0 T\u00e9l\u00e9charger \u00a0 T\u00e9l\u00e9charger","og_url":"https:\/\/sport-alencon.fr\/index.php\/documentation\/","og_site_name":"ASTMNA","article_publisher":"https:\/\/facebook.com\/yoast","article_modified_time":"2025-07-29T11:33:16+00:00","og_image":[{"url":"https:\/\/sport-alencon.fr\/wp-content\/uploads\/2024\/10\/2024-10-22-organigramme-1-300x300.png"}],"twitter_card":"summary_large_image","twitter_misc":{"Dur\u00e9e de lecture estim\u00e9e":"1 minute"},"schema":{"@context":"https:\/\/schema.org","@graph":[{"@type":"WebPage","@id":"https:\/\/sport-alencon.fr\/index.php\/documentation\/","url":"https:\/\/sport-alencon.fr\/index.php\/documentation\/","name":"Documentation - ASTMNA","isPartOf":{"@id":"https:\/\/sport-alencon.fr\/#website"},"primaryImageOfPage":{"@id":"https:\/\/sport-alencon.fr\/index.php\/documentation\/#primaryimage"},"image":{"@id":"https:\/\/sport-alencon.fr\/index.php\/documentation\/#primaryimage"},"thumbnailUrl":"https:\/\/sport-alencon.fr\/wp-content\/uploads\/2024\/10\/2024-10-22-organigramme-1-300x300.png","datePublished":"2023-05-16T09:11:26+00:00","dateModified":"2025-07-29T11:33:16+00:00","breadcrumb":{"@id":"https:\/\/sport-alencon.fr\/index.php\/documentation\/#breadcrumb"},"inLanguage":"fr-FR","potentialAction":[{"@type":"ReadAction","target":["https:\/\/sport-alencon.fr\/index.php\/documentation\/"]}]},{"@type":"ImageObject","inLanguage":"fr-FR","@id":"https:\/\/sport-alencon.fr\/index.php\/documentation\/#primaryimage","url":"https:\/\/sport-alencon.fr\/wp-content\/uploads\/2024\/10\/2024-10-22-organigramme-1.png","contentUrl":"https:\/\/sport-alencon.fr\/wp-content\/uploads\/2024\/10\/2024-10-22-organigramme-1.png","width":1300,"height":1300},{"@type":"BreadcrumbList","@id":"https:\/\/sport-alencon.fr\/index.php\/documentation\/#breadcrumb","itemListElement":[{"@type":"ListItem","position":1,"name":"Accueil","item":"https:\/\/sport-alencon.fr\/"},{"@type":"ListItem","position":2,"name":"Documentation"}]},{"@type":"WebSite","@id":"https:\/\/sport-alencon.fr\/#website","url":"https:\/\/sport-alencon.fr\/","name":"ASTMNA","description":"Club FSGT Multi-activit\u00e9s \u00e0 Alen\u00e7on","publisher":{"@id":"https:\/\/sport-alencon.fr\/#organization"},"potentialAction":[{"@type":"SearchAction","target":{"@type":"EntryPoint","urlTemplate":"https:\/\/sport-alencon.fr\/?s={search_term_string}"},"query-input":"required name=search_term_string"}],"inLanguage":"fr-FR"},{"@type":"Organization","@id":"https:\/\/sport-alencon.fr\/#organization","name":"ASTMNA","url":"https:\/\/sport-alencon.fr\/","logo":{"@type":"ImageObject","inLanguage":"fr-FR","@id":"https:\/\/sport-alencon.fr\/#\/schema\/logo\/image\/","url":"https:\/\/sport-alencon.fr\/wp-content\/uploads\/2021\/03\/20220711140221.png","contentUrl":"https:\/\/sport-alencon.fr\/wp-content\/uploads\/2021\/03\/20220711140221.png","width":500,"height":510,"caption":"ASTMNA"},"image":{"@id":"https:\/\/sport-alencon.fr\/#\/schema\/logo\/image\/"},"sameAs":["https:\/\/facebook.com\/yoast"]}]}},"_links":{"self":[{"href":"https:\/\/sport-alencon.fr\/index.php\/wp-json\/wp\/v2\/pages\/1101"}],"collection":[{"href":"https:\/\/sport-alencon.fr\/index.php\/wp-json\/wp\/v2\/pages"}],"about":[{"href":"https:\/\/sport-alencon.fr\/index.php\/wp-json\/wp\/v2\/types\/page"}],"author":[{"embeddable":true,"href":"https:\/\/sport-alencon.fr\/index.php\/wp-json\/wp\/v2\/users\/3"}],"replies":[{"embeddable":true,"href":"https:\/\/sport-alencon.fr\/index.php\/wp-json\/wp\/v2\/comments?post=1101"}],"version-history":[{"count":149,"href":"https:\/\/sport-alencon.fr\/index.php\/wp-json\/wp\/v2\/pages\/1101\/revisions"}],"predecessor-version":[{"id":3797,"href":"https:\/\/sport-alencon.fr\/index.php\/wp-json\/wp\/v2\/pages\/1101\/revisions\/3797"}],"wp:attachment":[{"href":"https:\/\/sport-alencon.fr\/index.php\/wp-json\/wp\/v2\/media?parent=1101"}],"curies":[{"name":"wp","href":"https:\/\/api.w.org\/{rel}","templated":true}]}}