{"id":2580,"date":"2024-08-16T16:47:38","date_gmt":"2024-08-16T14:47:38","guid":{"rendered":"https:\/\/sport-alencon.fr\/?page_id=2580"},"modified":"2024-08-16T16:48:07","modified_gmt":"2024-08-16T14:48:07","slug":"gym-dentretien-corporel","status":"publish","type":"page","link":"https:\/\/sport-alencon.fr\/index.php\/gym-dentretien-corporel\/","title":{"rendered":"Gym d&rsquo;Entretien Corporel"},"content":{"rendered":"\t\t<div data-elementor-type=\"wp-page\" data-elementor-id=\"2580\" class=\"elementor elementor-2580\" data-elementor-post-type=\"page\">\n\t\t\t\t\t\t<section class=\"elementor-section elementor-top-section elementor-element elementor-element-1e56d35 elementor-section-boxed elementor-section-height-default elementor-section-height-default\" data-id=\"1e56d35\" data-element_type=\"section\">\n\t\t\t\t\t\t<div class=\"elementor-container elementor-column-gap-default\">\n\t\t\t\t\t<div class=\"elementor-column elementor-col-100 elementor-top-column elementor-element elementor-element-c3c7dec\" data-id=\"c3c7dec\" data-element_type=\"column\">\n\t\t\t<div class=\"elementor-widget-wrap elementor-element-populated\">\n\t\t\t\t\t\t<div class=\"elementor-element elementor-element-2191e9a elementor-widget elementor-widget-image\" data-id=\"2191e9a\" data-element_type=\"widget\" data-widget_type=\"image.default\">\n\t\t\t\t<div class=\"elementor-widget-container\">\n\t\t\t\t\t\t\t\t\t\t\t\t\t<img fetchpriority=\"high\" decoding=\"async\" width=\"300\" height=\"225\" src=\"https:\/\/sport-alencon.fr\/wp-content\/uploads\/2024\/08\/Entretien-corporel-avec-Cathy-300x225.jpeg\" class=\"attachment-medium size-medium wp-image-2072\" alt=\"\" srcset=\"https:\/\/sport-alencon.fr\/wp-content\/uploads\/2024\/08\/Entretien-corporel-avec-Cathy-300x225.jpeg 300w, https:\/\/sport-alencon.fr\/wp-content\/uploads\/2024\/08\/Entretien-corporel-avec-Cathy.jpeg 320w\" sizes=\"(max-width: 300px) 100vw, 300px\" \/>\t\t\t\t\t\t\t\t\t\t\t\t\t<\/div>\n\t\t\t\t<\/div>\n\t\t\t\t<div class=\"elementor-element elementor-element-eacc6bf elementor-widget elementor-widget-heading\" data-id=\"eacc6bf\" data-element_type=\"widget\" data-widget_type=\"heading.default\">\n\t\t\t\t<div class=\"elementor-widget-container\">\n\t\t\t<h2 class=\"elementor-heading-title elementor-size-default\">Gymnastique d'Entretien Corporel \u00e0 Alen\u00e7on avec l'ASTMNA<\/h2>\t\t<\/div>\n\t\t\t\t<\/div>\n\t\t\t\t<div class=\"elementor-element elementor-element-55e01f3 elementor-widget elementor-widget-text-editor\" data-id=\"55e01f3\" data-element_type=\"widget\" data-widget_type=\"text-editor.default\">\n\t\t\t\t<div class=\"elementor-widget-container\">\n\t\t\t\t\t\t\t<p>Bienvenue sur notre page d\u00e9di\u00e9e \u00e0 la Gymnastique d&rsquo;Entretien Corporel ! D\u00e9couvrez une activit\u00e9 dynamique et accessible qui vous permettra de tonifier votre corps, de vous sentir en forme et de maintenir une excellente condition physique. Rejoignez l&rsquo;ASTMNA et int\u00e9grez une communaut\u00e9 bienveillante et motivante.<\/p>\t\t\t\t\t\t<\/div>\n\t\t\t\t<\/div>\n\t\t\t\t<div class=\"elementor-element elementor-element-2443333 elementor-widget elementor-widget-heading\" data-id=\"2443333\" data-element_type=\"widget\" data-widget_type=\"heading.default\">\n\t\t\t\t<div class=\"elementor-widget-container\">\n\t\t\t<h2 class=\"elementor-heading-title elementor-size-default\">Pourquoi choisir la Gymnastique d'Entretien Corporel avec l'ASTMNA?<\/h2>\t\t<\/div>\n\t\t\t\t<\/div>\n\t\t\t\t<div class=\"elementor-element elementor-element-0c60e6f elementor-widget elementor-widget-heading\" data-id=\"0c60e6f\" data-element_type=\"widget\" data-widget_type=\"heading.default\">\n\t\t\t\t<div class=\"elementor-widget-container\">\n\t\t\t<h2 class=\"elementor-heading-title elementor-size-default\">Des exercices vari\u00e9s pour tous les niveaux<\/h2>\t\t<\/div>\n\t\t\t\t<\/div>\n\t\t\t\t<div class=\"elementor-element elementor-element-757c40b elementor-widget elementor-widget-text-editor\" data-id=\"757c40b\" data-element_type=\"widget\" data-widget_type=\"text-editor.default\">\n\t\t\t\t<div class=\"elementor-widget-container\">\n\t\t\t\t\t\t\t<p>Nos s\u00e9ances de gymnastique d&rsquo;entretien corporel sont con\u00e7ues pour convenir \u00e0 tous, quel que soit votre niveau de forme physique. Que vous soyez d\u00e9butant ou habitu\u00e9 aux activit\u00e9s sportives, nos professionnelles qualifi\u00e9es adaptent les exercices pour r\u00e9pondre \u00e0 vos besoins et vous permettre de progresser \u00e0 votre rythme.<\/p>\t\t\t\t\t\t<\/div>\n\t\t\t\t<\/div>\n\t\t\t\t<div class=\"elementor-element elementor-element-f822950 elementor-widget elementor-widget-heading\" data-id=\"f822950\" data-element_type=\"widget\" data-widget_type=\"heading.default\">\n\t\t\t\t<div class=\"elementor-widget-container\">\n\t\t\t<h2 class=\"elementor-heading-title elementor-size-default\">Un encadrement professionnel et attentif<\/h2>\t\t<\/div>\n\t\t\t\t<\/div>\n\t\t\t\t<div class=\"elementor-element elementor-element-2359855 elementor-widget elementor-widget-text-editor\" data-id=\"2359855\" data-element_type=\"widget\" data-widget_type=\"text-editor.default\">\n\t\t\t\t<div class=\"elementor-widget-container\">\n\t\t\t\t\t\t\t<p>B\u00e9n\u00e9ficiez de l&rsquo;expertise de nos professionnelles qui vous guideront tout au long des s\u00e9ances. Ils sont l\u00e0 pour corriger vos postures, vous encourager et vous donner des conseils personnalis\u00e9s pour maximiser les b\u00e9n\u00e9fices de chaque exercice.<\/p>\t\t\t\t\t\t<\/div>\n\t\t\t\t<\/div>\n\t\t\t\t<div class=\"elementor-element elementor-element-ca8f6e2 elementor-widget elementor-widget-heading\" data-id=\"ca8f6e2\" data-element_type=\"widget\" data-widget_type=\"heading.default\">\n\t\t\t\t<div class=\"elementor-widget-container\">\n\t\t\t<h2 class=\"elementor-heading-title elementor-size-default\">Des s\u00e9ances dynamiques et ludiques<\/h2>\t\t<\/div>\n\t\t\t\t<\/div>\n\t\t\t\t<div class=\"elementor-element elementor-element-c7121e5 elementor-widget elementor-widget-text-editor\" data-id=\"c7121e5\" data-element_type=\"widget\" data-widget_type=\"text-editor.default\">\n\t\t\t\t<div class=\"elementor-widget-container\">\n\t\t\t\t\t\t\t<p>Notre approche de la gymnastique d&rsquo;entretien corporel mise sur la diversit\u00e9 et le plaisir. Nos s\u00e9ances int\u00e8grent des exercices de renforcement musculaire, de cardio, d&rsquo;\u00e9tirements et de relaxation, pour une exp\u00e9rience compl\u00e8te et \u00e9quilibr\u00e9e. Chaque session est diff\u00e9rente pour \u00e9viter la monotonie et maintenir votre motivation.<\/p>\t\t\t\t\t\t<\/div>\n\t\t\t\t<\/div>\n\t\t\t\t<div class=\"elementor-element elementor-element-92ae073 elementor-widget elementor-widget-heading\" data-id=\"92ae073\" data-element_type=\"widget\" data-widget_type=\"heading.default\">\n\t\t\t\t<div class=\"elementor-widget-container\">\n\t\t\t<h2 class=\"elementor-heading-title elementor-size-default\">Un cadre convivial et motivant<\/h2>\t\t<\/div>\n\t\t\t\t<\/div>\n\t\t\t\t<div class=\"elementor-element elementor-element-e33ca56 elementor-widget elementor-widget-text-editor\" data-id=\"e33ca56\" data-element_type=\"widget\" data-widget_type=\"text-editor.default\">\n\t\t\t\t<div class=\"elementor-widget-container\">\n\t\t\t\t\t\t\t<p>Rejoindre nos cours de gymnastique, c&rsquo;est int\u00e9grer une communaut\u00e9 soud\u00e9e et chaleureuse. Venez partager des moments de convivialit\u00e9 et de bonne humeur, tout en prenant soin de votre corps. Nos s\u00e9ances sont l&rsquo;occasion parfaite pour rencontrer de nouvelles personnes et tisser des liens.<\/p>\t\t\t\t\t\t<\/div>\n\t\t\t\t<\/div>\n\t\t\t\t<div class=\"elementor-element elementor-element-8f14c1f elementor-widget elementor-widget-heading\" data-id=\"8f14c1f\" data-element_type=\"widget\" data-widget_type=\"heading.default\">\n\t\t\t\t<div class=\"elementor-widget-container\">\n\t\t\t<h2 class=\"elementor-heading-title elementor-size-default\">Des bienfaits pour votre sant\u00e9 globale <\/h2>\t\t<\/div>\n\t\t\t\t<\/div>\n\t\t\t\t<div class=\"elementor-element elementor-element-09edaec elementor-widget elementor-widget-text-editor\" data-id=\"09edaec\" data-element_type=\"widget\" data-widget_type=\"text-editor.default\">\n\t\t\t\t<div class=\"elementor-widget-container\">\n\t\t\t\t\t\t\t<p>La gymnastique d&rsquo;entretien corporel est excellente pour tonifier vos muscles, am\u00e9liorer votre posture, renforcer votre c\u0153ur et vos poumons, et augmenter votre flexibilit\u00e9. Elle aide \u00e9galement \u00e0 r\u00e9duire le stress, am\u00e9liorer la qualit\u00e9 de votre sommeil et vous procurer une sensation g\u00e9n\u00e9rale de bien-\u00eatre.<\/p>\t\t\t\t\t\t<\/div>\n\t\t\t\t<\/div>\n\t\t\t\t<div class=\"elementor-element elementor-element-daf52cb elementor-widget elementor-widget-heading\" data-id=\"daf52cb\" data-element_type=\"widget\" data-widget_type=\"heading.default\">\n\t\t\t\t<div class=\"elementor-widget-container\">\n\t\t\t<h2 class=\"elementor-heading-title elementor-size-default\">Nos sessions de Gymnastique d'Entretien Corporel<\/h2>\t\t<\/div>\n\t\t\t\t<\/div>\n\t\t\t\t<div class=\"elementor-element elementor-element-9952009 elementor-widget elementor-widget-text-editor\" data-id=\"9952009\" data-element_type=\"widget\" data-widget_type=\"text-editor.default\">\n\t\t\t\t<div class=\"elementor-widget-container\">\n\t\t\t\t\t\t\t<ul><li><strong>S\u00e9ances Matinales<\/strong><br \/>Commencez votre journ\u00e9e en pleine forme avec nos s\u00e9ances matinales. R\u00e9veillez votre corps en douceur et profitez des bienfaits d&rsquo;une activit\u00e9 physique d\u00e8s le matin.<\/li><\/ul>\t\t\t\t\t\t<\/div>\n\t\t\t\t<\/div>\n\t\t\t\t<div class=\"elementor-element elementor-element-5b68903 elementor-widget elementor-widget-heading\" data-id=\"5b68903\" data-element_type=\"widget\" data-widget_type=\"heading.default\">\n\t\t\t\t<div class=\"elementor-widget-container\">\n\t\t\t<h2 class=\"elementor-heading-title elementor-size-default\">Rejoignez-nous !<\/h2>\t\t<\/div>\n\t\t\t\t<\/div>\n\t\t\t\t<div class=\"elementor-element elementor-element-99f3feb elementor-widget elementor-widget-text-editor\" data-id=\"99f3feb\" data-element_type=\"widget\" data-widget_type=\"text-editor.default\">\n\t\t\t\t<div class=\"elementor-widget-container\">\n\t\t\t\t\t\t\t<p>Envie de prendre soin de votre corps et de votre sant\u00e9 dans une ambiance agr\u00e9able et stimulante ? Inscrivez-vous d\u00e8s maintenant \u00e0 nos cours de gymnastique d&rsquo;entretien corporel. L&rsquo;ASTMNA vous accueille \u00e0 bras ouverts pour des s\u00e9ances qui allient efficacit\u00e9, diversit\u00e9 et plaisir.<\/p><p>\u00a0<\/p><p>Pour plus d&rsquo;informations, n&rsquo;h\u00e9sitez pas \u00e0 nous contacter ou \u00e0 nous rendre visite. Nous serons ravis de r\u00e9pondre \u00e0 vos questions et de vous aider \u00e0 trouver la s\u00e9ance qui vous convient le mieux<\/p>\t\t\t\t\t\t<\/div>\n\t\t\t\t<\/div>\n\t\t\t\t<div class=\"elementor-element elementor-element-1921d9b elementor-widget elementor-widget-heading\" data-id=\"1921d9b\" data-element_type=\"widget\" data-widget_type=\"heading.default\">\n\t\t\t\t<div class=\"elementor-widget-container\">\n\t\t\t<h2 class=\"elementor-heading-title elementor-size-default\">Contactez-nous<\/h2>\t\t<\/div>\n\t\t\t\t<\/div>\n\t\t\t\t<div class=\"elementor-element elementor-element-fe399ef elementor-widget elementor-widget-text-editor\" data-id=\"fe399ef\" data-element_type=\"widget\" data-widget_type=\"text-editor.default\">\n\t\t\t\t<div class=\"elementor-widget-container\">\n\t\t\t\t\t\t\t<ul><li>Email : astmna.61000@gmail.com<\/li><li>T\u00e9l\u00e9phone : 06 74 35 34 89<\/li><\/ul>\t\t\t\t\t\t<\/div>\n\t\t\t\t<\/div>\n\t\t\t\t\t<\/div>\n\t\t<\/div>\n\t\t\t\t\t<\/div>\n\t\t<\/section>\n\t\t\t\t<\/div>\n\t\t","protected":false},"excerpt":{"rendered":"<p>Gymnastique d&rsquo;Entretien Corporel \u00e0 Alen\u00e7on avec l&rsquo;ASTMNA Bienvenue sur notre page d\u00e9di\u00e9e \u00e0 la Gymnastique d&rsquo;Entretien Corporel ! D\u00e9couvrez une activit\u00e9 dynamique et accessible qui vous permettra de tonifier votre corps, de vous sentir en forme et de maintenir une excellente condition physique. Rejoignez l&rsquo;ASTMNA et int\u00e9grez une communaut\u00e9 bienveillante et motivante. Pourquoi choisir la [&hellip;]<\/p>\n","protected":false},"author":1,"featured_media":0,"parent":0,"menu_order":0,"comment_status":"closed","ping_status":"closed","template":"","meta":{"footnotes":""},"yoast_head":"<!-- This site is optimized with the Yoast SEO plugin v23.2 - https:\/\/yoast.com\/wordpress\/plugins\/seo\/ -->\n<title>Gym d&#039;Entretien Corporel - ASTMNA<\/title>\n<meta name=\"robots\" content=\"index, follow, max-snippet:-1, max-image-preview:large, max-video-preview:-1\" \/>\n<link rel=\"canonical\" href=\"https:\/\/sport-alencon.fr\/index.php\/gym-dentretien-corporel\/\" \/>\n<meta property=\"og:locale\" content=\"fr_FR\" \/>\n<meta property=\"og:type\" content=\"article\" \/>\n<meta property=\"og:title\" content=\"Gym d&#039;Entretien Corporel - ASTMNA\" \/>\n<meta property=\"og:description\" content=\"Gymnastique d&rsquo;Entretien Corporel \u00e0 Alen\u00e7on avec l&rsquo;ASTMNA Bienvenue sur notre page d\u00e9di\u00e9e \u00e0 la Gymnastique d&rsquo;Entretien Corporel ! D\u00e9couvrez une activit\u00e9 dynamique et accessible qui vous permettra de tonifier votre corps, de vous sentir en forme et de maintenir une excellente condition physique. Rejoignez l&rsquo;ASTMNA et int\u00e9grez une communaut\u00e9 bienveillante et motivante. Pourquoi choisir la [&hellip;]\" \/>\n<meta property=\"og:url\" content=\"https:\/\/sport-alencon.fr\/index.php\/gym-dentretien-corporel\/\" \/>\n<meta property=\"og:site_name\" content=\"ASTMNA\" \/>\n<meta property=\"article:publisher\" content=\"https:\/\/facebook.com\/yoast\" \/>\n<meta property=\"article:modified_time\" content=\"2024-08-16T14:48:07+00:00\" \/>\n<meta property=\"og:image\" content=\"https:\/\/sport-alencon.fr\/wp-content\/uploads\/2024\/08\/Entretien-corporel-avec-Cathy-300x225.jpeg\" \/>\n<meta name=\"twitter:card\" content=\"summary_large_image\" \/>\n<meta name=\"twitter:label1\" content=\"Dur\u00e9e de lecture estim\u00e9e\" \/>\n\t<meta name=\"twitter:data1\" content=\"3 minutes\" \/>\n<script type=\"application\/ld+json\" class=\"yoast-schema-graph\">{\"@context\":\"https:\/\/schema.org\",\"@graph\":[{\"@type\":\"WebPage\",\"@id\":\"https:\/\/sport-alencon.fr\/index.php\/gym-dentretien-corporel\/\",\"url\":\"https:\/\/sport-alencon.fr\/index.php\/gym-dentretien-corporel\/\",\"name\":\"Gym d'Entretien Corporel - ASTMNA\",\"isPartOf\":{\"@id\":\"https:\/\/sport-alencon.fr\/#website\"},\"primaryImageOfPage\":{\"@id\":\"https:\/\/sport-alencon.fr\/index.php\/gym-dentretien-corporel\/#primaryimage\"},\"image\":{\"@id\":\"https:\/\/sport-alencon.fr\/index.php\/gym-dentretien-corporel\/#primaryimage\"},\"thumbnailUrl\":\"https:\/\/sport-alencon.fr\/wp-content\/uploads\/2024\/08\/Entretien-corporel-avec-Cathy-300x225.jpeg\",\"datePublished\":\"2024-08-16T14:47:38+00:00\",\"dateModified\":\"2024-08-16T14:48:07+00:00\",\"breadcrumb\":{\"@id\":\"https:\/\/sport-alencon.fr\/index.php\/gym-dentretien-corporel\/#breadcrumb\"},\"inLanguage\":\"fr-FR\",\"potentialAction\":[{\"@type\":\"ReadAction\",\"target\":[\"https:\/\/sport-alencon.fr\/index.php\/gym-dentretien-corporel\/\"]}]},{\"@type\":\"ImageObject\",\"inLanguage\":\"fr-FR\",\"@id\":\"https:\/\/sport-alencon.fr\/index.php\/gym-dentretien-corporel\/#primaryimage\",\"url\":\"https:\/\/sport-alencon.fr\/wp-content\/uploads\/2024\/08\/Entretien-corporel-avec-Cathy.jpeg\",\"contentUrl\":\"https:\/\/sport-alencon.fr\/wp-content\/uploads\/2024\/08\/Entretien-corporel-avec-Cathy.jpeg\",\"width\":320,\"height\":240},{\"@type\":\"BreadcrumbList\",\"@id\":\"https:\/\/sport-alencon.fr\/index.php\/gym-dentretien-corporel\/#breadcrumb\",\"itemListElement\":[{\"@type\":\"ListItem\",\"position\":1,\"name\":\"Accueil\",\"item\":\"https:\/\/sport-alencon.fr\/\"},{\"@type\":\"ListItem\",\"position\":2,\"name\":\"Gym d&rsquo;Entretien Corporel\"}]},{\"@type\":\"WebSite\",\"@id\":\"https:\/\/sport-alencon.fr\/#website\",\"url\":\"https:\/\/sport-alencon.fr\/\",\"name\":\"ASTMNA\",\"description\":\"Club FSGT Multi-activit\u00e9s \u00e0 Alen\u00e7on\",\"publisher\":{\"@id\":\"https:\/\/sport-alencon.fr\/#organization\"},\"potentialAction\":[{\"@type\":\"SearchAction\",\"target\":{\"@type\":\"EntryPoint\",\"urlTemplate\":\"https:\/\/sport-alencon.fr\/?s={search_term_string}\"},\"query-input\":\"required name=search_term_string\"}],\"inLanguage\":\"fr-FR\"},{\"@type\":\"Organization\",\"@id\":\"https:\/\/sport-alencon.fr\/#organization\",\"name\":\"ASTMNA\",\"url\":\"https:\/\/sport-alencon.fr\/\",\"logo\":{\"@type\":\"ImageObject\",\"inLanguage\":\"fr-FR\",\"@id\":\"https:\/\/sport-alencon.fr\/#\/schema\/logo\/image\/\",\"url\":\"https:\/\/sport-alencon.fr\/wp-content\/uploads\/2021\/03\/20220711140221.png\",\"contentUrl\":\"https:\/\/sport-alencon.fr\/wp-content\/uploads\/2021\/03\/20220711140221.png\",\"width\":500,\"height\":510,\"caption\":\"ASTMNA\"},\"image\":{\"@id\":\"https:\/\/sport-alencon.fr\/#\/schema\/logo\/image\/\"},\"sameAs\":[\"https:\/\/facebook.com\/yoast\"]}]}<\/script>\n<!-- \/ Yoast SEO plugin. -->","yoast_head_json":{"title":"Gym d'Entretien Corporel - ASTMNA","robots":{"index":"index","follow":"follow","max-snippet":"max-snippet:-1","max-image-preview":"max-image-preview:large","max-video-preview":"max-video-preview:-1"},"canonical":"https:\/\/sport-alencon.fr\/index.php\/gym-dentretien-corporel\/","og_locale":"fr_FR","og_type":"article","og_title":"Gym d'Entretien Corporel - ASTMNA","og_description":"Gymnastique d&rsquo;Entretien Corporel \u00e0 Alen\u00e7on avec l&rsquo;ASTMNA Bienvenue sur notre page d\u00e9di\u00e9e \u00e0 la Gymnastique d&rsquo;Entretien Corporel ! D\u00e9couvrez une activit\u00e9 dynamique et accessible qui vous permettra de tonifier votre corps, de vous sentir en forme et de maintenir une excellente condition physique. Rejoignez l&rsquo;ASTMNA et int\u00e9grez une communaut\u00e9 bienveillante et motivante. Pourquoi choisir la [&hellip;]","og_url":"https:\/\/sport-alencon.fr\/index.php\/gym-dentretien-corporel\/","og_site_name":"ASTMNA","article_publisher":"https:\/\/facebook.com\/yoast","article_modified_time":"2024-08-16T14:48:07+00:00","og_image":[{"url":"https:\/\/sport-alencon.fr\/wp-content\/uploads\/2024\/08\/Entretien-corporel-avec-Cathy-300x225.jpeg"}],"twitter_card":"summary_large_image","twitter_misc":{"Dur\u00e9e de lecture estim\u00e9e":"3 minutes"},"schema":{"@context":"https:\/\/schema.org","@graph":[{"@type":"WebPage","@id":"https:\/\/sport-alencon.fr\/index.php\/gym-dentretien-corporel\/","url":"https:\/\/sport-alencon.fr\/index.php\/gym-dentretien-corporel\/","name":"Gym d'Entretien Corporel - ASTMNA","isPartOf":{"@id":"https:\/\/sport-alencon.fr\/#website"},"primaryImageOfPage":{"@id":"https:\/\/sport-alencon.fr\/index.php\/gym-dentretien-corporel\/#primaryimage"},"image":{"@id":"https:\/\/sport-alencon.fr\/index.php\/gym-dentretien-corporel\/#primaryimage"},"thumbnailUrl":"https:\/\/sport-alencon.fr\/wp-content\/uploads\/2024\/08\/Entretien-corporel-avec-Cathy-300x225.jpeg","datePublished":"2024-08-16T14:47:38+00:00","dateModified":"2024-08-16T14:48:07+00:00","breadcrumb":{"@id":"https:\/\/sport-alencon.fr\/index.php\/gym-dentretien-corporel\/#breadcrumb"},"inLanguage":"fr-FR","potentialAction":[{"@type":"ReadAction","target":["https:\/\/sport-alencon.fr\/index.php\/gym-dentretien-corporel\/"]}]},{"@type":"ImageObject","inLanguage":"fr-FR","@id":"https:\/\/sport-alencon.fr\/index.php\/gym-dentretien-corporel\/#primaryimage","url":"https:\/\/sport-alencon.fr\/wp-content\/uploads\/2024\/08\/Entretien-corporel-avec-Cathy.jpeg","contentUrl":"https:\/\/sport-alencon.fr\/wp-content\/uploads\/2024\/08\/Entretien-corporel-avec-Cathy.jpeg","width":320,"height":240},{"@type":"BreadcrumbList","@id":"https:\/\/sport-alencon.fr\/index.php\/gym-dentretien-corporel\/#breadcrumb","itemListElement":[{"@type":"ListItem","position":1,"name":"Accueil","item":"https:\/\/sport-alencon.fr\/"},{"@type":"ListItem","position":2,"name":"Gym d&rsquo;Entretien Corporel"}]},{"@type":"WebSite","@id":"https:\/\/sport-alencon.fr\/#website","url":"https:\/\/sport-alencon.fr\/","name":"ASTMNA","description":"Club FSGT Multi-activit\u00e9s \u00e0 Alen\u00e7on","publisher":{"@id":"https:\/\/sport-alencon.fr\/#organization"},"potentialAction":[{"@type":"SearchAction","target":{"@type":"EntryPoint","urlTemplate":"https:\/\/sport-alencon.fr\/?s={search_term_string}"},"query-input":"required name=search_term_string"}],"inLanguage":"fr-FR"},{"@type":"Organization","@id":"https:\/\/sport-alencon.fr\/#organization","name":"ASTMNA","url":"https:\/\/sport-alencon.fr\/","logo":{"@type":"ImageObject","inLanguage":"fr-FR","@id":"https:\/\/sport-alencon.fr\/#\/schema\/logo\/image\/","url":"https:\/\/sport-alencon.fr\/wp-content\/uploads\/2021\/03\/20220711140221.png","contentUrl":"https:\/\/sport-alencon.fr\/wp-content\/uploads\/2021\/03\/20220711140221.png","width":500,"height":510,"caption":"ASTMNA"},"image":{"@id":"https:\/\/sport-alencon.fr\/#\/schema\/logo\/image\/"},"sameAs":["https:\/\/facebook.com\/yoast"]}]}},"_links":{"self":[{"href":"https:\/\/sport-alencon.fr\/index.php\/wp-json\/wp\/v2\/pages\/2580"}],"collection":[{"href":"https:\/\/sport-alencon.fr\/index.php\/wp-json\/wp\/v2\/pages"}],"about":[{"href":"https:\/\/sport-alencon.fr\/index.php\/wp-json\/wp\/v2\/types\/page"}],"author":[{"embeddable":true,"href":"https:\/\/sport-alencon.fr\/index.php\/wp-json\/wp\/v2\/users\/1"}],"replies":[{"embeddable":true,"href":"https:\/\/sport-alencon.fr\/index.php\/wp-json\/wp\/v2\/comments?post=2580"}],"version-history":[{"count":4,"href":"https:\/\/sport-alencon.fr\/index.php\/wp-json\/wp\/v2\/pages\/2580\/revisions"}],"predecessor-version":[{"id":2585,"href":"https:\/\/sport-alencon.fr\/index.php\/wp-json\/wp\/v2\/pages\/2580\/revisions\/2585"}],"wp:attachment":[{"href":"https:\/\/sport-alencon.fr\/index.php\/wp-json\/wp\/v2\/media?parent=2580"}],"curies":[{"name":"wp","href":"https:\/\/api.w.org\/{rel}","templated":true}]}}