{"id":2604,"date":"2024-08-16T17:00:18","date_gmt":"2024-08-16T15:00:18","guid":{"rendered":"https:\/\/sport-alencon.fr\/?page_id=2604"},"modified":"2024-08-16T17:00:52","modified_gmt":"2024-08-16T15:00:52","slug":"pilates","status":"publish","type":"page","link":"https:\/\/sport-alencon.fr\/index.php\/pilates\/","title":{"rendered":"Pilates"},"content":{"rendered":"\t\t<div data-elementor-type=\"wp-page\" data-elementor-id=\"2604\" class=\"elementor elementor-2604\" data-elementor-post-type=\"page\">\n\t\t\t\t\t\t<section class=\"elementor-section elementor-top-section elementor-element elementor-element-48186ae elementor-section-boxed elementor-section-height-default elementor-section-height-default\" data-id=\"48186ae\" data-element_type=\"section\">\n\t\t\t\t\t\t<div class=\"elementor-container elementor-column-gap-default\">\n\t\t\t\t\t<div class=\"elementor-column elementor-col-100 elementor-top-column elementor-element elementor-element-c391580\" data-id=\"c391580\" data-element_type=\"column\">\n\t\t\t<div class=\"elementor-widget-wrap elementor-element-populated\">\n\t\t\t\t\t\t<div class=\"elementor-element elementor-element-fd40a9a elementor-widget elementor-widget-image\" data-id=\"fd40a9a\" data-element_type=\"widget\" data-widget_type=\"image.default\">\n\t\t\t\t<div class=\"elementor-widget-container\">\n\t\t\t\t\t\t\t\t\t\t\t\t\t<img fetchpriority=\"high\" decoding=\"async\" width=\"300\" height=\"200\" src=\"https:\/\/sport-alencon.fr\/wp-content\/uploads\/2024\/08\/pilate-MIC-Perseigne-300x200.jpg\" class=\"attachment-medium size-medium wp-image-2226\" alt=\"\" srcset=\"https:\/\/sport-alencon.fr\/wp-content\/uploads\/2024\/08\/pilate-MIC-Perseigne-300x200.jpg 300w, https:\/\/sport-alencon.fr\/wp-content\/uploads\/2024\/08\/pilate-MIC-Perseigne-1024x684.jpg 1024w, https:\/\/sport-alencon.fr\/wp-content\/uploads\/2024\/08\/pilate-MIC-Perseigne-768x513.jpg 768w, https:\/\/sport-alencon.fr\/wp-content\/uploads\/2024\/08\/pilate-MIC-Perseigne-1536x1027.jpg 1536w, https:\/\/sport-alencon.fr\/wp-content\/uploads\/2024\/08\/pilate-MIC-Perseigne.jpg 1616w\" sizes=\"(max-width: 300px) 100vw, 300px\" \/>\t\t\t\t\t\t\t\t\t\t\t\t\t<\/div>\n\t\t\t\t<\/div>\n\t\t\t\t<div class=\"elementor-element elementor-element-c9f2fbb elementor-widget elementor-widget-heading\" data-id=\"c9f2fbb\" data-element_type=\"widget\" data-widget_type=\"heading.default\">\n\t\t\t\t<div class=\"elementor-widget-container\">\n\t\t\t<h2 class=\"elementor-heading-title elementor-size-default\">Pilates \u00e0 Alen\u00e7on avec l'ASTMNA<\/h2>\t\t<\/div>\n\t\t\t\t<\/div>\n\t\t\t\t<div class=\"elementor-element elementor-element-281d343 elementor-widget elementor-widget-text-editor\" data-id=\"281d343\" data-element_type=\"widget\" data-widget_type=\"text-editor.default\">\n\t\t\t\t<div class=\"elementor-widget-container\">\n\t\t\t\t\t\t\t<p>Bienvenue sur notre page d\u00e9di\u00e9e au Pilates! D\u00e9couvrez cette m\u00e9thode douce et efficace pour renforcer votre musculature profonde, am\u00e9liorer votre posture et augmenter votre flexibilit\u00e9. Rejoignez l&rsquo;ASTMNA \u00e0 Alen\u00e7on et int\u00e9grez nos cours de Pilates, adapt\u00e9s \u00e0 tous les niveaux.<\/p>\t\t\t\t\t\t<\/div>\n\t\t\t\t<\/div>\n\t\t\t\t<div class=\"elementor-element elementor-element-a5d68c8 elementor-widget elementor-widget-heading\" data-id=\"a5d68c8\" data-element_type=\"widget\" data-widget_type=\"heading.default\">\n\t\t\t\t<div class=\"elementor-widget-container\">\n\t\t\t<h2 class=\"elementor-heading-title elementor-size-default\">Pourquoi choisir le Pilates avec l'ASTMNA? <\/h2>\t\t<\/div>\n\t\t\t\t<\/div>\n\t\t\t\t<div class=\"elementor-element elementor-element-149dbf3 elementor-widget elementor-widget-heading\" data-id=\"149dbf3\" data-element_type=\"widget\" data-widget_type=\"heading.default\">\n\t\t\t\t<div class=\"elementor-widget-container\">\n\t\t\t<h2 class=\"elementor-heading-title elementor-size-default\">Une m\u00e9thode compl\u00e8te et b\u00e9n\u00e9fique<\/h2>\t\t<\/div>\n\t\t\t\t<\/div>\n\t\t\t\t<div class=\"elementor-element elementor-element-d9e0a8d elementor-widget elementor-widget-text-editor\" data-id=\"d9e0a8d\" data-element_type=\"widget\" data-widget_type=\"text-editor.default\">\n\t\t\t\t<div class=\"elementor-widget-container\">\n\t\t\t\t\t\t\t<p>Le Pilates est une m\u00e9thode d&rsquo;entra\u00eenement qui vise \u00e0 renforcer les muscles profonds, responsables de la posture et de l&rsquo;\u00e9quilibre. En pratiquant r\u00e9guli\u00e8rement, vous gagnerez en force, en souplesse et en coordination, tout en d\u00e9veloppant une meilleure conscience corporelle. C&rsquo;est une discipline parfaite pour ceux qui cherchent \u00e0 allier bien-\u00eatre et efficacit\u00e9.<\/p>\t\t\t\t\t\t<\/div>\n\t\t\t\t<\/div>\n\t\t\t\t<div class=\"elementor-element elementor-element-d08e3c3 elementor-widget elementor-widget-heading\" data-id=\"d08e3c3\" data-element_type=\"widget\" data-widget_type=\"heading.default\">\n\t\t\t\t<div class=\"elementor-widget-container\">\n\t\t\t<h2 class=\"elementor-heading-title elementor-size-default\">Adapt\u00e9 \u00e0 tous les niveaux<\/h2>\t\t<\/div>\n\t\t\t\t<\/div>\n\t\t\t\t<div class=\"elementor-element elementor-element-888a030 elementor-widget elementor-widget-text-editor\" data-id=\"888a030\" data-element_type=\"widget\" data-widget_type=\"text-editor.default\">\n\t\t\t\t<div class=\"elementor-widget-container\">\n\t\t\t\t\t\t\t<p>Que vous soyez d\u00e9butant ou pratiquant confirm\u00e9, nos cours de Pilates sont con\u00e7us pour s&rsquo;adapter \u00e0 tous les niveaux. Notre encadrante exp\u00e9riment\u00e9e vous guideront avec des exercices personnalis\u00e9s pour vous permettre de progresser \u00e0 votre rythme et de tirer le meilleur parti de chaque s\u00e9ance.<\/p>\t\t\t\t\t\t<\/div>\n\t\t\t\t<\/div>\n\t\t\t\t<div class=\"elementor-element elementor-element-f9cb8b4 elementor-widget elementor-widget-heading\" data-id=\"f9cb8b4\" data-element_type=\"widget\" data-widget_type=\"heading.default\">\n\t\t\t\t<div class=\"elementor-widget-container\">\n\t\t\t<h2 class=\"elementor-heading-title elementor-size-default\">Am\u00e9liorez votre posture et soulagez les douleurs<\/h2>\t\t<\/div>\n\t\t\t\t<\/div>\n\t\t\t\t<div class=\"elementor-element elementor-element-ed517d3 elementor-widget elementor-widget-text-editor\" data-id=\"ed517d3\" data-element_type=\"widget\" data-widget_type=\"text-editor.default\">\n\t\t\t\t<div class=\"elementor-widget-container\">\n\t\t\t\t\t\t\t<p>Le Pilates met un accent particulier sur l&rsquo;alignement du corps et la correction de la posture. En renfor\u00e7ant les muscles stabilisateurs, vous apprendrez \u00e0 maintenir une bonne posture au quotidien, ce qui peut aider \u00e0 soulager les douleurs chroniques, notamment au niveau du dos.<\/p>\t\t\t\t\t\t<\/div>\n\t\t\t\t<\/div>\n\t\t\t\t<div class=\"elementor-element elementor-element-adef857 elementor-widget elementor-widget-heading\" data-id=\"adef857\" data-element_type=\"widget\" data-widget_type=\"heading.default\">\n\t\t\t\t<div class=\"elementor-widget-container\">\n\t\t\t<h2 class=\"elementor-heading-title elementor-size-default\">D\u00e9veloppez votre flexibilit\u00e9 et votre \u00e9quilibre<\/h2>\t\t<\/div>\n\t\t\t\t<\/div>\n\t\t\t\t<div class=\"elementor-element elementor-element-9fbd53b elementor-widget elementor-widget-text-editor\" data-id=\"9fbd53b\" data-element_type=\"widget\" data-widget_type=\"text-editor.default\">\n\t\t\t\t<div class=\"elementor-widget-container\">\n\t\t\t\t\t\t\t<p>Les exercices de Pilates sont con\u00e7us pour \u00e9tirer et allonger les muscles, augmentant ainsi votre flexibilit\u00e9 et votre amplitude de mouvement. Vous travaillerez \u00e9galement sur l&rsquo;\u00e9quilibre et la coordination, ce qui est b\u00e9n\u00e9fique pour la pratique d&rsquo;autres activit\u00e9s sportives et pour les mouvements du quotidien.<\/p>\t\t\t\t\t\t<\/div>\n\t\t\t\t<\/div>\n\t\t\t\t<div class=\"elementor-element elementor-element-dbf8e7d elementor-widget elementor-widget-heading\" data-id=\"dbf8e7d\" data-element_type=\"widget\" data-widget_type=\"heading.default\">\n\t\t\t\t<div class=\"elementor-widget-container\">\n\t\t\t<h2 class=\"elementor-heading-title elementor-size-default\">Un encadrement professionnel et attentif<\/h2>\t\t<\/div>\n\t\t\t\t<\/div>\n\t\t\t\t<div class=\"elementor-element elementor-element-e1fef74 elementor-widget elementor-widget-text-editor\" data-id=\"e1fef74\" data-element_type=\"widget\" data-widget_type=\"text-editor.default\">\n\t\t\t\t<div class=\"elementor-widget-container\">\n\t\t\t\t\t\t\t<p>Notre professeure de Pilates est certifi\u00e9e et passionn\u00e9e. Elle vous offre un encadrement de qualit\u00e9, en veillant \u00e0 ce que chaque exercice soit r\u00e9alis\u00e9 correctement et en toute s\u00e9curit\u00e9. Elle est \u00e0 votre \u00e9coute pour adapter les exercices \u00e0 vos besoins sp\u00e9cifiques et vous aider \u00e0 atteindre vos objectifs.<\/p>\t\t\t\t\t\t<\/div>\n\t\t\t\t<\/div>\n\t\t\t\t<div class=\"elementor-element elementor-element-65f3b2b elementor-widget elementor-widget-heading\" data-id=\"65f3b2b\" data-element_type=\"widget\" data-widget_type=\"heading.default\">\n\t\t\t\t<div class=\"elementor-widget-container\">\n\t\t\t<h2 class=\"elementor-heading-title elementor-size-default\">Une ambiance conviviale et motivante<\/h2>\t\t<\/div>\n\t\t\t\t<\/div>\n\t\t\t\t<div class=\"elementor-element elementor-element-2146554 elementor-widget elementor-widget-text-editor\" data-id=\"2146554\" data-element_type=\"widget\" data-widget_type=\"text-editor.default\">\n\t\t\t\t<div class=\"elementor-widget-container\">\n\t\t\t\t\t\t\t<p>Rejoindre nos cours de Pilates, c&rsquo;est int\u00e9grer une communaut\u00e9 bienveillante et motivante. Partagez des moments de d\u00e9tente et de d\u00e9passement de soi, tout en faisant de nouvelles rencontres et en tissant des liens d&rsquo;amiti\u00e9.<\/p>\t\t\t\t\t\t<\/div>\n\t\t\t\t<\/div>\n\t\t\t\t<div class=\"elementor-element elementor-element-e48a0b4 elementor-widget elementor-widget-heading\" data-id=\"e48a0b4\" data-element_type=\"widget\" data-widget_type=\"heading.default\">\n\t\t\t\t<div class=\"elementor-widget-container\">\n\t\t\t<h2 class=\"elementor-heading-title elementor-size-default\">Nos s\u00e9ances de Pilates<\/h2>\t\t<\/div>\n\t\t\t\t<\/div>\n\t\t\t\t<div class=\"elementor-element elementor-element-82b9948 elementor-widget elementor-widget-text-editor\" data-id=\"82b9948\" data-element_type=\"widget\" data-widget_type=\"text-editor.default\">\n\t\t\t\t<div class=\"elementor-widget-container\">\n\t\t\t\t\t\t\t<ul><li><strong>S\u00e9ances Matinales<\/strong><br \/>Commencez votre journ\u00e9e en pleine forme avec nos s\u00e9ances matinales. Id\u00e9ales pour r\u00e9veiller votre corps en douceur et instaurer une \u00e9nergie positive pour la journ\u00e9e.<\/li><li><strong>S\u00e9ances Apr\u00e8s-Midi<\/strong><br \/>Profitez de l&rsquo;apr\u00e8s-midi pour une pause active et revitalisante. Nos s\u00e9ances de l&rsquo;apr\u00e8s-midi vous permettront de rel\u00e2cher les tensions et de renforcer votre corps.<\/li><li><strong>S\u00e9ances du Soir<\/strong><br \/>D\u00e9tendez-vous apr\u00e8s une journ\u00e9e bien remplie avec nos s\u00e9ances du soir. Parfaites pour apaiser l&rsquo;esprit et pr\u00e9parer le corps \u00e0 une nuit de sommeil r\u00e9parateur.<\/li><\/ul>\t\t\t\t\t\t<\/div>\n\t\t\t\t<\/div>\n\t\t\t\t<div class=\"elementor-element elementor-element-f6f6c52 elementor-widget elementor-widget-heading\" data-id=\"f6f6c52\" data-element_type=\"widget\" data-widget_type=\"heading.default\">\n\t\t\t\t<div class=\"elementor-widget-container\">\n\t\t\t<h2 class=\"elementor-heading-title elementor-size-default\">Rejoignez-nous !<\/h2>\t\t<\/div>\n\t\t\t\t<\/div>\n\t\t\t\t<div class=\"elementor-element elementor-element-97725fc elementor-widget elementor-widget-text-editor\" data-id=\"97725fc\" data-element_type=\"widget\" data-widget_type=\"text-editor.default\">\n\t\t\t\t<div class=\"elementor-widget-container\">\n\t\t\t\t\t\t\t<p>Envie de d\u00e9couvrir les bienfaits du Pilates et de prendre soin de votre corps \u00e0 Alen\u00e7on ? Inscrivez-vous d\u00e8s maintenant \u00e0 nos cours et laissez-vous guider par nos experts. L&rsquo;ASTMNA vous accueille dans un cadre chaleureux et propice \u00e0 la d\u00e9tente.<\/p><p>Pour plus d&rsquo;informations, n&rsquo;h\u00e9sitez pas \u00e0 nous contacter ou \u00e0 nous rendre visite. Nous serons ravis de r\u00e9pondre \u00e0 vos questions et de vous aider \u00e0 trouver la s\u00e9ance qui vous convient le mieux<\/p>\t\t\t\t\t\t<\/div>\n\t\t\t\t<\/div>\n\t\t\t\t<div class=\"elementor-element elementor-element-4040fc4 elementor-widget elementor-widget-heading\" data-id=\"4040fc4\" data-element_type=\"widget\" data-widget_type=\"heading.default\">\n\t\t\t\t<div class=\"elementor-widget-container\">\n\t\t\t<h2 class=\"elementor-heading-title elementor-size-default\">Contactez-nous<\/h2>\t\t<\/div>\n\t\t\t\t<\/div>\n\t\t\t\t<div class=\"elementor-element elementor-element-9de7b69 elementor-widget elementor-widget-text-editor\" data-id=\"9de7b69\" data-element_type=\"widget\" data-widget_type=\"text-editor.default\">\n\t\t\t\t<div class=\"elementor-widget-container\">\n\t\t\t\t\t\t\t<ul><li>Email : astmna.61000@gmail.com<\/li><li>T\u00e9l\u00e9phone : 06 74 35 34 89<\/li><\/ul>\t\t\t\t\t\t<\/div>\n\t\t\t\t<\/div>\n\t\t\t\t\t<\/div>\n\t\t<\/div>\n\t\t\t\t\t<\/div>\n\t\t<\/section>\n\t\t\t\t<\/div>\n\t\t","protected":false},"excerpt":{"rendered":"<p>Pilates \u00e0 Alen\u00e7on avec l&rsquo;ASTMNA Bienvenue sur notre page d\u00e9di\u00e9e au Pilates! D\u00e9couvrez cette m\u00e9thode douce et efficace pour renforcer votre musculature profonde, am\u00e9liorer votre posture et augmenter votre flexibilit\u00e9. Rejoignez l&rsquo;ASTMNA \u00e0 Alen\u00e7on et int\u00e9grez nos cours de Pilates, adapt\u00e9s \u00e0 tous les niveaux. Pourquoi choisir le Pilates avec l&rsquo;ASTMNA? Une m\u00e9thode compl\u00e8te et [&hellip;]<\/p>\n","protected":false},"author":1,"featured_media":0,"parent":0,"menu_order":0,"comment_status":"closed","ping_status":"closed","template":"","meta":{"footnotes":""},"yoast_head":"<!-- This site is optimized with the Yoast SEO plugin v23.2 - https:\/\/yoast.com\/wordpress\/plugins\/seo\/ -->\n<title>Pilates - ASTMNA<\/title>\n<meta name=\"robots\" content=\"index, follow, max-snippet:-1, max-image-preview:large, max-video-preview:-1\" \/>\n<link rel=\"canonical\" href=\"https:\/\/sport-alencon.fr\/index.php\/pilates\/\" \/>\n<meta property=\"og:locale\" content=\"fr_FR\" \/>\n<meta property=\"og:type\" content=\"article\" \/>\n<meta property=\"og:title\" content=\"Pilates - ASTMNA\" \/>\n<meta property=\"og:description\" content=\"Pilates \u00e0 Alen\u00e7on avec l&rsquo;ASTMNA Bienvenue sur notre page d\u00e9di\u00e9e au Pilates! D\u00e9couvrez cette m\u00e9thode douce et efficace pour renforcer votre musculature profonde, am\u00e9liorer votre posture et augmenter votre flexibilit\u00e9. Rejoignez l&rsquo;ASTMNA \u00e0 Alen\u00e7on et int\u00e9grez nos cours de Pilates, adapt\u00e9s \u00e0 tous les niveaux. Pourquoi choisir le Pilates avec l&rsquo;ASTMNA? Une m\u00e9thode compl\u00e8te et [&hellip;]\" \/>\n<meta property=\"og:url\" content=\"https:\/\/sport-alencon.fr\/index.php\/pilates\/\" \/>\n<meta property=\"og:site_name\" content=\"ASTMNA\" \/>\n<meta property=\"article:publisher\" content=\"https:\/\/facebook.com\/yoast\" \/>\n<meta property=\"article:modified_time\" content=\"2024-08-16T15:00:52+00:00\" \/>\n<meta property=\"og:image\" content=\"https:\/\/sport-alencon.fr\/wp-content\/uploads\/2024\/08\/pilate-MIC-Perseigne-300x200.jpg\" \/>\n<meta name=\"twitter:card\" content=\"summary_large_image\" \/>\n<meta name=\"twitter:label1\" content=\"Dur\u00e9e de lecture estim\u00e9e\" \/>\n\t<meta name=\"twitter:data1\" content=\"3 minutes\" \/>\n<script type=\"application\/ld+json\" class=\"yoast-schema-graph\">{\"@context\":\"https:\/\/schema.org\",\"@graph\":[{\"@type\":\"WebPage\",\"@id\":\"https:\/\/sport-alencon.fr\/index.php\/pilates\/\",\"url\":\"https:\/\/sport-alencon.fr\/index.php\/pilates\/\",\"name\":\"Pilates - ASTMNA\",\"isPartOf\":{\"@id\":\"https:\/\/sport-alencon.fr\/#website\"},\"primaryImageOfPage\":{\"@id\":\"https:\/\/sport-alencon.fr\/index.php\/pilates\/#primaryimage\"},\"image\":{\"@id\":\"https:\/\/sport-alencon.fr\/index.php\/pilates\/#primaryimage\"},\"thumbnailUrl\":\"https:\/\/sport-alencon.fr\/wp-content\/uploads\/2024\/08\/pilate-MIC-Perseigne-300x200.jpg\",\"datePublished\":\"2024-08-16T15:00:18+00:00\",\"dateModified\":\"2024-08-16T15:00:52+00:00\",\"breadcrumb\":{\"@id\":\"https:\/\/sport-alencon.fr\/index.php\/pilates\/#breadcrumb\"},\"inLanguage\":\"fr-FR\",\"potentialAction\":[{\"@type\":\"ReadAction\",\"target\":[\"https:\/\/sport-alencon.fr\/index.php\/pilates\/\"]}]},{\"@type\":\"ImageObject\",\"inLanguage\":\"fr-FR\",\"@id\":\"https:\/\/sport-alencon.fr\/index.php\/pilates\/#primaryimage\",\"url\":\"https:\/\/sport-alencon.fr\/wp-content\/uploads\/2024\/08\/pilate-MIC-Perseigne.jpg\",\"contentUrl\":\"https:\/\/sport-alencon.fr\/wp-content\/uploads\/2024\/08\/pilate-MIC-Perseigne.jpg\",\"width\":1616,\"height\":1080},{\"@type\":\"BreadcrumbList\",\"@id\":\"https:\/\/sport-alencon.fr\/index.php\/pilates\/#breadcrumb\",\"itemListElement\":[{\"@type\":\"ListItem\",\"position\":1,\"name\":\"Accueil\",\"item\":\"https:\/\/sport-alencon.fr\/\"},{\"@type\":\"ListItem\",\"position\":2,\"name\":\"Pilates\"}]},{\"@type\":\"WebSite\",\"@id\":\"https:\/\/sport-alencon.fr\/#website\",\"url\":\"https:\/\/sport-alencon.fr\/\",\"name\":\"ASTMNA\",\"description\":\"Club FSGT Multi-activit\u00e9s \u00e0 Alen\u00e7on\",\"publisher\":{\"@id\":\"https:\/\/sport-alencon.fr\/#organization\"},\"potentialAction\":[{\"@type\":\"SearchAction\",\"target\":{\"@type\":\"EntryPoint\",\"urlTemplate\":\"https:\/\/sport-alencon.fr\/?s={search_term_string}\"},\"query-input\":\"required name=search_term_string\"}],\"inLanguage\":\"fr-FR\"},{\"@type\":\"Organization\",\"@id\":\"https:\/\/sport-alencon.fr\/#organization\",\"name\":\"ASTMNA\",\"url\":\"https:\/\/sport-alencon.fr\/\",\"logo\":{\"@type\":\"ImageObject\",\"inLanguage\":\"fr-FR\",\"@id\":\"https:\/\/sport-alencon.fr\/#\/schema\/logo\/image\/\",\"url\":\"https:\/\/sport-alencon.fr\/wp-content\/uploads\/2021\/03\/20220711140221.png\",\"contentUrl\":\"https:\/\/sport-alencon.fr\/wp-content\/uploads\/2021\/03\/20220711140221.png\",\"width\":500,\"height\":510,\"caption\":\"ASTMNA\"},\"image\":{\"@id\":\"https:\/\/sport-alencon.fr\/#\/schema\/logo\/image\/\"},\"sameAs\":[\"https:\/\/facebook.com\/yoast\"]}]}<\/script>\n<!-- \/ Yoast SEO plugin. -->","yoast_head_json":{"title":"Pilates - ASTMNA","robots":{"index":"index","follow":"follow","max-snippet":"max-snippet:-1","max-image-preview":"max-image-preview:large","max-video-preview":"max-video-preview:-1"},"canonical":"https:\/\/sport-alencon.fr\/index.php\/pilates\/","og_locale":"fr_FR","og_type":"article","og_title":"Pilates - ASTMNA","og_description":"Pilates \u00e0 Alen\u00e7on avec l&rsquo;ASTMNA Bienvenue sur notre page d\u00e9di\u00e9e au Pilates! D\u00e9couvrez cette m\u00e9thode douce et efficace pour renforcer votre musculature profonde, am\u00e9liorer votre posture et augmenter votre flexibilit\u00e9. Rejoignez l&rsquo;ASTMNA \u00e0 Alen\u00e7on et int\u00e9grez nos cours de Pilates, adapt\u00e9s \u00e0 tous les niveaux. Pourquoi choisir le Pilates avec l&rsquo;ASTMNA? Une m\u00e9thode compl\u00e8te et [&hellip;]","og_url":"https:\/\/sport-alencon.fr\/index.php\/pilates\/","og_site_name":"ASTMNA","article_publisher":"https:\/\/facebook.com\/yoast","article_modified_time":"2024-08-16T15:00:52+00:00","og_image":[{"url":"https:\/\/sport-alencon.fr\/wp-content\/uploads\/2024\/08\/pilate-MIC-Perseigne-300x200.jpg"}],"twitter_card":"summary_large_image","twitter_misc":{"Dur\u00e9e de lecture estim\u00e9e":"3 minutes"},"schema":{"@context":"https:\/\/schema.org","@graph":[{"@type":"WebPage","@id":"https:\/\/sport-alencon.fr\/index.php\/pilates\/","url":"https:\/\/sport-alencon.fr\/index.php\/pilates\/","name":"Pilates - ASTMNA","isPartOf":{"@id":"https:\/\/sport-alencon.fr\/#website"},"primaryImageOfPage":{"@id":"https:\/\/sport-alencon.fr\/index.php\/pilates\/#primaryimage"},"image":{"@id":"https:\/\/sport-alencon.fr\/index.php\/pilates\/#primaryimage"},"thumbnailUrl":"https:\/\/sport-alencon.fr\/wp-content\/uploads\/2024\/08\/pilate-MIC-Perseigne-300x200.jpg","datePublished":"2024-08-16T15:00:18+00:00","dateModified":"2024-08-16T15:00:52+00:00","breadcrumb":{"@id":"https:\/\/sport-alencon.fr\/index.php\/pilates\/#breadcrumb"},"inLanguage":"fr-FR","potentialAction":[{"@type":"ReadAction","target":["https:\/\/sport-alencon.fr\/index.php\/pilates\/"]}]},{"@type":"ImageObject","inLanguage":"fr-FR","@id":"https:\/\/sport-alencon.fr\/index.php\/pilates\/#primaryimage","url":"https:\/\/sport-alencon.fr\/wp-content\/uploads\/2024\/08\/pilate-MIC-Perseigne.jpg","contentUrl":"https:\/\/sport-alencon.fr\/wp-content\/uploads\/2024\/08\/pilate-MIC-Perseigne.jpg","width":1616,"height":1080},{"@type":"BreadcrumbList","@id":"https:\/\/sport-alencon.fr\/index.php\/pilates\/#breadcrumb","itemListElement":[{"@type":"ListItem","position":1,"name":"Accueil","item":"https:\/\/sport-alencon.fr\/"},{"@type":"ListItem","position":2,"name":"Pilates"}]},{"@type":"WebSite","@id":"https:\/\/sport-alencon.fr\/#website","url":"https:\/\/sport-alencon.fr\/","name":"ASTMNA","description":"Club FSGT Multi-activit\u00e9s \u00e0 Alen\u00e7on","publisher":{"@id":"https:\/\/sport-alencon.fr\/#organization"},"potentialAction":[{"@type":"SearchAction","target":{"@type":"EntryPoint","urlTemplate":"https:\/\/sport-alencon.fr\/?s={search_term_string}"},"query-input":"required name=search_term_string"}],"inLanguage":"fr-FR"},{"@type":"Organization","@id":"https:\/\/sport-alencon.fr\/#organization","name":"ASTMNA","url":"https:\/\/sport-alencon.fr\/","logo":{"@type":"ImageObject","inLanguage":"fr-FR","@id":"https:\/\/sport-alencon.fr\/#\/schema\/logo\/image\/","url":"https:\/\/sport-alencon.fr\/wp-content\/uploads\/2021\/03\/20220711140221.png","contentUrl":"https:\/\/sport-alencon.fr\/wp-content\/uploads\/2021\/03\/20220711140221.png","width":500,"height":510,"caption":"ASTMNA"},"image":{"@id":"https:\/\/sport-alencon.fr\/#\/schema\/logo\/image\/"},"sameAs":["https:\/\/facebook.com\/yoast"]}]}},"_links":{"self":[{"href":"https:\/\/sport-alencon.fr\/index.php\/wp-json\/wp\/v2\/pages\/2604"}],"collection":[{"href":"https:\/\/sport-alencon.fr\/index.php\/wp-json\/wp\/v2\/pages"}],"about":[{"href":"https:\/\/sport-alencon.fr\/index.php\/wp-json\/wp\/v2\/types\/page"}],"author":[{"embeddable":true,"href":"https:\/\/sport-alencon.fr\/index.php\/wp-json\/wp\/v2\/users\/1"}],"replies":[{"embeddable":true,"href":"https:\/\/sport-alencon.fr\/index.php\/wp-json\/wp\/v2\/comments?post=2604"}],"version-history":[{"count":4,"href":"https:\/\/sport-alencon.fr\/index.php\/wp-json\/wp\/v2\/pages\/2604\/revisions"}],"predecessor-version":[{"id":2609,"href":"https:\/\/sport-alencon.fr\/index.php\/wp-json\/wp\/v2\/pages\/2604\/revisions\/2609"}],"wp:attachment":[{"href":"https:\/\/sport-alencon.fr\/index.php\/wp-json\/wp\/v2\/media?parent=2604"}],"curies":[{"name":"wp","href":"https:\/\/api.w.org\/{rel}","templated":true}]}}