{"id":2621,"date":"2024-08-16T17:30:26","date_gmt":"2024-08-16T15:30:26","guid":{"rendered":"https:\/\/sport-alencon.fr\/?page_id=2621"},"modified":"2025-06-15T12:36:24","modified_gmt":"2025-06-15T10:36:24","slug":"running","status":"publish","type":"page","link":"https:\/\/sport-alencon.fr\/index.php\/running\/","title":{"rendered":"La BOCCIA"},"content":{"rendered":"\t\t<div data-elementor-type=\"wp-page\" data-elementor-id=\"2621\" class=\"elementor elementor-2621\" data-elementor-post-type=\"page\">\n\t\t\t\t\t\t<section class=\"elementor-section elementor-top-section elementor-element elementor-element-58d514c elementor-section-boxed elementor-section-height-default elementor-section-height-default\" data-id=\"58d514c\" data-element_type=\"section\">\n\t\t\t\t\t\t<div class=\"elementor-container elementor-column-gap-default\">\n\t\t\t\t\t<div class=\"elementor-column elementor-col-100 elementor-top-column elementor-element elementor-element-5d3d1b6\" data-id=\"5d3d1b6\" data-element_type=\"column\">\n\t\t\t<div class=\"elementor-widget-wrap elementor-element-populated\">\n\t\t\t\t\t\t<div class=\"elementor-element elementor-element-f799e1e elementor-widget elementor-widget-image\" data-id=\"f799e1e\" data-element_type=\"widget\" data-widget_type=\"image.default\">\n\t\t\t\t<div class=\"elementor-widget-container\">\n\t\t\t\t\t\t\t\t\t\t\t\t\t<img fetchpriority=\"high\" decoding=\"async\" width=\"239\" height=\"300\" src=\"https:\/\/sport-alencon.fr\/wp-content\/uploads\/2024\/09\/Boccia-le-mercredi-au-Point-du-Jour-scaled-e1749980934900-239x300.jpeg\" class=\"attachment-medium size-medium wp-image-3021\" alt=\"\" srcset=\"https:\/\/sport-alencon.fr\/wp-content\/uploads\/2024\/09\/Boccia-le-mercredi-au-Point-du-Jour-scaled-e1749980934900-239x300.jpeg 239w, https:\/\/sport-alencon.fr\/wp-content\/uploads\/2024\/09\/Boccia-le-mercredi-au-Point-du-Jour-scaled-e1749980934900-816x1024.jpeg 816w, https:\/\/sport-alencon.fr\/wp-content\/uploads\/2024\/09\/Boccia-le-mercredi-au-Point-du-Jour-scaled-e1749980934900-768x964.jpeg 768w, https:\/\/sport-alencon.fr\/wp-content\/uploads\/2024\/09\/Boccia-le-mercredi-au-Point-du-Jour-scaled-e1749980934900-1224x1536.jpeg 1224w, https:\/\/sport-alencon.fr\/wp-content\/uploads\/2024\/09\/Boccia-le-mercredi-au-Point-du-Jour-scaled-e1749980934900.jpeg 1246w\" sizes=\"(max-width: 239px) 100vw, 239px\" \/>\t\t\t\t\t\t\t\t\t\t\t\t\t<\/div>\n\t\t\t\t<\/div>\n\t\t\t\t<div class=\"elementor-element elementor-element-0134635 elementor-widget elementor-widget-heading\" data-id=\"0134635\" data-element_type=\"widget\" data-widget_type=\"heading.default\">\n\t\t\t\t<div class=\"elementor-widget-container\">\n\t\t\t<h2 class=\"elementor-heading-title elementor-size-default\">Boccia \u00e0 Alen\u00e7on avec l'ASTMNA<\/h2>\t\t<\/div>\n\t\t\t\t<\/div>\n\t\t\t\t<div class=\"elementor-element elementor-element-4592636 elementor-widget elementor-widget-text-editor\" data-id=\"4592636\" data-element_type=\"widget\" data-widget_type=\"text-editor.default\">\n\t\t\t\t<div class=\"elementor-widget-container\">\n\t\t\t\t\t\t\t<p>Bienvenue sur notre page d\u00e9di\u00e9e \u00e0 la Boccia ! Nous vous invitons \u00e0 d\u00e9couvrir ce sport de strat\u00e9gie pratiqu\u00e9 aussi par des personnes en situation de handicap en cat\u00e9gorie de handisport. Rejoignez-nous et laissez-vous s\u00e9duire par une exp\u00e9rience sportive enrichissante.<\/p>\t\t\t\t\t\t<\/div>\n\t\t\t\t<\/div>\n\t\t\t\t<div class=\"elementor-element elementor-element-bebe1ff elementor-widget elementor-widget-heading\" data-id=\"bebe1ff\" data-element_type=\"widget\" data-widget_type=\"heading.default\">\n\t\t\t\t<div class=\"elementor-widget-container\">\n\t\t\t<h2 class=\"elementor-heading-title elementor-size-default\">Pourquoi choisir la Boccia avec l'ASTMNA?<\/h2>\t\t<\/div>\n\t\t\t\t<\/div>\n\t\t\t\t<div class=\"elementor-element elementor-element-6d066f2 elementor-widget elementor-widget-heading\" data-id=\"6d066f2\" data-element_type=\"widget\" data-widget_type=\"heading.default\">\n\t\t\t\t<div class=\"elementor-widget-container\">\n\t\t\t<h2 class=\"elementor-heading-title elementor-size-default\">Des moments de convivialit\u00e9 exceptionnels<\/h2>\t\t<\/div>\n\t\t\t\t<\/div>\n\t\t\t\t<div class=\"elementor-element elementor-element-8cf900b elementor-widget elementor-widget-text-editor\" data-id=\"8cf900b\" data-element_type=\"widget\" data-widget_type=\"text-editor.default\">\n\t\t\t\t<div class=\"elementor-widget-container\">\n\t\t\t\t\t\t\t<p>Cette activit\u00e9 sportive n\u00e9cessite peu de moyens de d\u00e9placement et se pratique avec des balles en cuir souple. Des rencontres avec des personnes en situation de handicap favorisent l&rsquo;inclusion et des moments de convivialit\u00e9 garantis.\u00a0<\/p>\t\t\t\t\t\t<\/div>\n\t\t\t\t<\/div>\n\t\t\t\t<div class=\"elementor-element elementor-element-52ca1b6 elementor-widget elementor-widget-heading\" data-id=\"52ca1b6\" data-element_type=\"widget\" data-widget_type=\"heading.default\">\n\t\t\t\t<div class=\"elementor-widget-container\">\n\t\t\t<h2 class=\"elementor-heading-title elementor-size-default\">Une activit\u00e9 pour tous<\/h2>\t\t<\/div>\n\t\t\t\t<\/div>\n\t\t\t\t<div class=\"elementor-element elementor-element-7a6c1f4 elementor-widget elementor-widget-text-editor\" data-id=\"7a6c1f4\" data-element_type=\"widget\" data-widget_type=\"text-editor.default\">\n\t\t\t\t<div class=\"elementor-widget-container\">\n\t\t\t\t\t\t\t<p>Ce sport unique 100% paralympique repose sur la strat\u00e9gie, la pr\u00e9cision et la concentration. L&rsquo;ASTMNA propose \u00e0 tous de pratiquer cette activit\u00e9 pour d\u00e9couvrir les bienfaits de la Boccia, dans un cadre agr\u00e9able et des installations de qualit\u00e9.<\/p>\t\t\t\t\t\t<\/div>\n\t\t\t\t<\/div>\n\t\t\t\t<div class=\"elementor-element elementor-element-5fdaa4e elementor-widget elementor-widget-heading\" data-id=\"5fdaa4e\" data-element_type=\"widget\" data-widget_type=\"heading.default\">\n\t\t\t\t<div class=\"elementor-widget-container\">\n\t\t\t<h2 class=\"elementor-heading-title elementor-size-default\">Un encadrement professionnel<\/h2>\t\t<\/div>\n\t\t\t\t<\/div>\n\t\t\t\t<div class=\"elementor-element elementor-element-0aeff85 elementor-widget elementor-widget-text-editor\" data-id=\"0aeff85\" data-element_type=\"widget\" data-widget_type=\"text-editor.default\">\n\t\t\t\t<div class=\"elementor-widget-container\">\n\t\t\t\t\t\t\t<p>Nos coachs passionn\u00e9s vous offrent un encadrement de qualit\u00e9 pour vous aider \u00e0 am\u00e9liorer votre technique et organiser des \u00e9preuves individuelles, en paire ou par \u00e9quipe. Ils sont \u00e0 votre \u00e9coute pour\u00a0 vous conseiller et vous motiver, que vous pratiquiez pour le plaisir ou pour pr\u00e9parer une comp\u00e9tition.<\/p>\t\t\t\t\t\t<\/div>\n\t\t\t\t<\/div>\n\t\t\t\t<div class=\"elementor-element elementor-element-116b268 elementor-widget elementor-widget-heading\" data-id=\"116b268\" data-element_type=\"widget\" data-widget_type=\"heading.default\">\n\t\t\t\t<div class=\"elementor-widget-container\">\n\t\t\t<h2 class=\"elementor-heading-title elementor-size-default\">Sensibilisation \u00e0 l'inclusion<\/h2>\t\t<\/div>\n\t\t\t\t<\/div>\n\t\t\t\t<div class=\"elementor-element elementor-element-36e9b25 elementor-widget elementor-widget-text-editor\" data-id=\"36e9b25\" data-element_type=\"widget\" data-widget_type=\"text-editor.default\">\n\t\t\t\t<div class=\"elementor-widget-container\">\n\t\t\t\t\t\t\t<p>La pratique de cette activit\u00e9 permet d&rsquo;avoir une meilleure compr\u00e9hension des d\u00e9fis et des talents des personnes en situation de handicap.<\/p>\t\t\t\t\t\t<\/div>\n\t\t\t\t<\/div>\n\t\t\t\t<div class=\"elementor-element elementor-element-6554eaf elementor-widget elementor-widget-heading\" data-id=\"6554eaf\" data-element_type=\"widget\" data-widget_type=\"heading.default\">\n\t\t\t\t<div class=\"elementor-widget-container\">\n\t\t\t<h2 class=\"elementor-heading-title elementor-size-default\">Nos sessions de Boccia<\/h2>\t\t<\/div>\n\t\t\t\t<\/div>\n\t\t\t\t<div class=\"elementor-element elementor-element-cc95303 elementor-widget elementor-widget-text-editor\" data-id=\"cc95303\" data-element_type=\"widget\" data-widget_type=\"text-editor.default\">\n\t\t\t\t<div class=\"elementor-widget-container\">\n\t\t\t\t\t\t\t<ul><li><strong>S\u00e9ance sur demande<\/strong><br \/>Contactez l&rsquo;ASTMNA pour d\u00e9couvrir la Boccia le mercredi de 14h30 \u00e0 15h30 sur rendez-vous.<\/li><\/ul>\t\t\t\t\t\t<\/div>\n\t\t\t\t<\/div>\n\t\t\t\t<div class=\"elementor-element elementor-element-27673f1 elementor-widget elementor-widget-heading\" data-id=\"27673f1\" data-element_type=\"widget\" data-widget_type=\"heading.default\">\n\t\t\t\t<div class=\"elementor-widget-container\">\n\t\t\t<h2 class=\"elementor-heading-title elementor-size-default\">Rejoignez-nous<\/h2>\t\t<\/div>\n\t\t\t\t<\/div>\n\t\t\t\t<div class=\"elementor-element elementor-element-23cb9d9 elementor-widget elementor-widget-text-editor\" data-id=\"23cb9d9\" data-element_type=\"widget\" data-widget_type=\"text-editor.default\">\n\t\t\t\t<div class=\"elementor-widget-container\">\n\t\t\t\t\t\t\t<p>Pr\u00eat \u00e0 jouer \u00e0 la Boccia et \u00e0 nous rejoindre ? Inscrivez-vous d\u00e8s maintenant. Pour le plaisir, pour votre sant\u00e9 ou pour relever de nouveaux d\u00e9fis, l&rsquo;ASTMNA est l\u00e0 pour vous accompagner.<\/p><p>Pour plus d&rsquo;informations, contactez-nous ou venez nous rencontrer lors de nos sessions d&rsquo;information. \u00c0 tr\u00e8s bient\u00f4t \u00e0 Alen\u00e7on avec l&rsquo;ASTMNA !<\/p>\t\t\t\t\t\t<\/div>\n\t\t\t\t<\/div>\n\t\t\t\t<div class=\"elementor-element elementor-element-e0baf1c elementor-widget elementor-widget-heading\" data-id=\"e0baf1c\" data-element_type=\"widget\" data-widget_type=\"heading.default\">\n\t\t\t\t<div class=\"elementor-widget-container\">\n\t\t\t<h2 class=\"elementor-heading-title elementor-size-default\">Contactez-nous<\/h2>\t\t<\/div>\n\t\t\t\t<\/div>\n\t\t\t\t<div class=\"elementor-element elementor-element-07b6938 elementor-widget elementor-widget-text-editor\" data-id=\"07b6938\" data-element_type=\"widget\" data-widget_type=\"text-editor.default\">\n\t\t\t\t<div class=\"elementor-widget-container\">\n\t\t\t\t\t\t\t<ul><li>Email : astmna.61000@gmail.com<\/li><li>T\u00e9l\u00e9phone : 06 74 35 34 89<\/li><\/ul>\t\t\t\t\t\t<\/div>\n\t\t\t\t<\/div>\n\t\t\t\t\t<\/div>\n\t\t<\/div>\n\t\t\t\t\t<\/div>\n\t\t<\/section>\n\t\t\t\t<\/div>\n\t\t","protected":false},"excerpt":{"rendered":"<p>Boccia \u00e0 Alen\u00e7on avec l&rsquo;ASTMNA Bienvenue sur notre page d\u00e9di\u00e9e \u00e0 la Boccia ! Nous vous invitons \u00e0 d\u00e9couvrir ce sport de strat\u00e9gie pratiqu\u00e9 aussi par des personnes en situation de handicap en cat\u00e9gorie de handisport. Rejoignez-nous et laissez-vous s\u00e9duire par une exp\u00e9rience sportive enrichissante. Pourquoi choisir la Boccia avec l&rsquo;ASTMNA? Des moments de convivialit\u00e9 [&hellip;]<\/p>\n","protected":false},"author":1,"featured_media":0,"parent":0,"menu_order":0,"comment_status":"closed","ping_status":"closed","template":"","meta":{"footnotes":""},"yoast_head":"<!-- This site is optimized with the Yoast SEO plugin v23.2 - https:\/\/yoast.com\/wordpress\/plugins\/seo\/ -->\n<title>La BOCCIA - ASTMNA<\/title>\n<meta name=\"robots\" content=\"index, follow, max-snippet:-1, max-image-preview:large, max-video-preview:-1\" \/>\n<link rel=\"canonical\" href=\"https:\/\/sport-alencon.fr\/index.php\/running\/\" \/>\n<meta property=\"og:locale\" content=\"fr_FR\" \/>\n<meta property=\"og:type\" content=\"article\" \/>\n<meta property=\"og:title\" content=\"La BOCCIA - ASTMNA\" \/>\n<meta property=\"og:description\" content=\"Boccia \u00e0 Alen\u00e7on avec l&rsquo;ASTMNA Bienvenue sur notre page d\u00e9di\u00e9e \u00e0 la Boccia ! Nous vous invitons \u00e0 d\u00e9couvrir ce sport de strat\u00e9gie pratiqu\u00e9 aussi par des personnes en situation de handicap en cat\u00e9gorie de handisport. Rejoignez-nous et laissez-vous s\u00e9duire par une exp\u00e9rience sportive enrichissante. Pourquoi choisir la Boccia avec l&rsquo;ASTMNA? Des moments de convivialit\u00e9 [&hellip;]\" \/>\n<meta property=\"og:url\" content=\"https:\/\/sport-alencon.fr\/index.php\/running\/\" \/>\n<meta property=\"og:site_name\" content=\"ASTMNA\" \/>\n<meta property=\"article:publisher\" content=\"https:\/\/facebook.com\/yoast\" \/>\n<meta property=\"article:modified_time\" content=\"2025-06-15T10:36:24+00:00\" \/>\n<meta property=\"og:image\" content=\"https:\/\/sport-alencon.fr\/wp-content\/uploads\/2024\/09\/Boccia-le-mercredi-au-Point-du-Jour-scaled-e1749980934900-239x300.jpeg\" \/>\n<meta name=\"twitter:card\" content=\"summary_large_image\" \/>\n<meta name=\"twitter:label1\" content=\"Dur\u00e9e de lecture estim\u00e9e\" \/>\n\t<meta name=\"twitter:data1\" content=\"2 minutes\" \/>\n<script type=\"application\/ld+json\" class=\"yoast-schema-graph\">{\"@context\":\"https:\/\/schema.org\",\"@graph\":[{\"@type\":\"WebPage\",\"@id\":\"https:\/\/sport-alencon.fr\/index.php\/running\/\",\"url\":\"https:\/\/sport-alencon.fr\/index.php\/running\/\",\"name\":\"La BOCCIA - ASTMNA\",\"isPartOf\":{\"@id\":\"https:\/\/sport-alencon.fr\/#website\"},\"primaryImageOfPage\":{\"@id\":\"https:\/\/sport-alencon.fr\/index.php\/running\/#primaryimage\"},\"image\":{\"@id\":\"https:\/\/sport-alencon.fr\/index.php\/running\/#primaryimage\"},\"thumbnailUrl\":\"https:\/\/sport-alencon.fr\/wp-content\/uploads\/2024\/09\/Boccia-le-mercredi-au-Point-du-Jour-scaled-e1749980934900-239x300.jpeg\",\"datePublished\":\"2024-08-16T15:30:26+00:00\",\"dateModified\":\"2025-06-15T10:36:24+00:00\",\"breadcrumb\":{\"@id\":\"https:\/\/sport-alencon.fr\/index.php\/running\/#breadcrumb\"},\"inLanguage\":\"fr-FR\",\"potentialAction\":[{\"@type\":\"ReadAction\",\"target\":[\"https:\/\/sport-alencon.fr\/index.php\/running\/\"]}]},{\"@type\":\"ImageObject\",\"inLanguage\":\"fr-FR\",\"@id\":\"https:\/\/sport-alencon.fr\/index.php\/running\/#primaryimage\",\"url\":\"https:\/\/sport-alencon.fr\/wp-content\/uploads\/2024\/09\/Boccia-le-mercredi-au-Point-du-Jour-scaled-e1749980934900.jpeg\",\"contentUrl\":\"https:\/\/sport-alencon.fr\/wp-content\/uploads\/2024\/09\/Boccia-le-mercredi-au-Point-du-Jour-scaled-e1749980934900.jpeg\",\"width\":1246,\"height\":1564},{\"@type\":\"BreadcrumbList\",\"@id\":\"https:\/\/sport-alencon.fr\/index.php\/running\/#breadcrumb\",\"itemListElement\":[{\"@type\":\"ListItem\",\"position\":1,\"name\":\"Accueil\",\"item\":\"https:\/\/sport-alencon.fr\/\"},{\"@type\":\"ListItem\",\"position\":2,\"name\":\"La BOCCIA\"}]},{\"@type\":\"WebSite\",\"@id\":\"https:\/\/sport-alencon.fr\/#website\",\"url\":\"https:\/\/sport-alencon.fr\/\",\"name\":\"ASTMNA\",\"description\":\"Club FSGT Multi-activit\u00e9s \u00e0 Alen\u00e7on\",\"publisher\":{\"@id\":\"https:\/\/sport-alencon.fr\/#organization\"},\"potentialAction\":[{\"@type\":\"SearchAction\",\"target\":{\"@type\":\"EntryPoint\",\"urlTemplate\":\"https:\/\/sport-alencon.fr\/?s={search_term_string}\"},\"query-input\":\"required name=search_term_string\"}],\"inLanguage\":\"fr-FR\"},{\"@type\":\"Organization\",\"@id\":\"https:\/\/sport-alencon.fr\/#organization\",\"name\":\"ASTMNA\",\"url\":\"https:\/\/sport-alencon.fr\/\",\"logo\":{\"@type\":\"ImageObject\",\"inLanguage\":\"fr-FR\",\"@id\":\"https:\/\/sport-alencon.fr\/#\/schema\/logo\/image\/\",\"url\":\"https:\/\/sport-alencon.fr\/wp-content\/uploads\/2021\/03\/20220711140221.png\",\"contentUrl\":\"https:\/\/sport-alencon.fr\/wp-content\/uploads\/2021\/03\/20220711140221.png\",\"width\":500,\"height\":510,\"caption\":\"ASTMNA\"},\"image\":{\"@id\":\"https:\/\/sport-alencon.fr\/#\/schema\/logo\/image\/\"},\"sameAs\":[\"https:\/\/facebook.com\/yoast\"]}]}<\/script>\n<!-- \/ Yoast SEO plugin. -->","yoast_head_json":{"title":"La BOCCIA - ASTMNA","robots":{"index":"index","follow":"follow","max-snippet":"max-snippet:-1","max-image-preview":"max-image-preview:large","max-video-preview":"max-video-preview:-1"},"canonical":"https:\/\/sport-alencon.fr\/index.php\/running\/","og_locale":"fr_FR","og_type":"article","og_title":"La BOCCIA - ASTMNA","og_description":"Boccia \u00e0 Alen\u00e7on avec l&rsquo;ASTMNA Bienvenue sur notre page d\u00e9di\u00e9e \u00e0 la Boccia ! Nous vous invitons \u00e0 d\u00e9couvrir ce sport de strat\u00e9gie pratiqu\u00e9 aussi par des personnes en situation de handicap en cat\u00e9gorie de handisport. Rejoignez-nous et laissez-vous s\u00e9duire par une exp\u00e9rience sportive enrichissante. Pourquoi choisir la Boccia avec l&rsquo;ASTMNA? Des moments de convivialit\u00e9 [&hellip;]","og_url":"https:\/\/sport-alencon.fr\/index.php\/running\/","og_site_name":"ASTMNA","article_publisher":"https:\/\/facebook.com\/yoast","article_modified_time":"2025-06-15T10:36:24+00:00","og_image":[{"url":"https:\/\/sport-alencon.fr\/wp-content\/uploads\/2024\/09\/Boccia-le-mercredi-au-Point-du-Jour-scaled-e1749980934900-239x300.jpeg"}],"twitter_card":"summary_large_image","twitter_misc":{"Dur\u00e9e de lecture estim\u00e9e":"2 minutes"},"schema":{"@context":"https:\/\/schema.org","@graph":[{"@type":"WebPage","@id":"https:\/\/sport-alencon.fr\/index.php\/running\/","url":"https:\/\/sport-alencon.fr\/index.php\/running\/","name":"La BOCCIA - ASTMNA","isPartOf":{"@id":"https:\/\/sport-alencon.fr\/#website"},"primaryImageOfPage":{"@id":"https:\/\/sport-alencon.fr\/index.php\/running\/#primaryimage"},"image":{"@id":"https:\/\/sport-alencon.fr\/index.php\/running\/#primaryimage"},"thumbnailUrl":"https:\/\/sport-alencon.fr\/wp-content\/uploads\/2024\/09\/Boccia-le-mercredi-au-Point-du-Jour-scaled-e1749980934900-239x300.jpeg","datePublished":"2024-08-16T15:30:26+00:00","dateModified":"2025-06-15T10:36:24+00:00","breadcrumb":{"@id":"https:\/\/sport-alencon.fr\/index.php\/running\/#breadcrumb"},"inLanguage":"fr-FR","potentialAction":[{"@type":"ReadAction","target":["https:\/\/sport-alencon.fr\/index.php\/running\/"]}]},{"@type":"ImageObject","inLanguage":"fr-FR","@id":"https:\/\/sport-alencon.fr\/index.php\/running\/#primaryimage","url":"https:\/\/sport-alencon.fr\/wp-content\/uploads\/2024\/09\/Boccia-le-mercredi-au-Point-du-Jour-scaled-e1749980934900.jpeg","contentUrl":"https:\/\/sport-alencon.fr\/wp-content\/uploads\/2024\/09\/Boccia-le-mercredi-au-Point-du-Jour-scaled-e1749980934900.jpeg","width":1246,"height":1564},{"@type":"BreadcrumbList","@id":"https:\/\/sport-alencon.fr\/index.php\/running\/#breadcrumb","itemListElement":[{"@type":"ListItem","position":1,"name":"Accueil","item":"https:\/\/sport-alencon.fr\/"},{"@type":"ListItem","position":2,"name":"La BOCCIA"}]},{"@type":"WebSite","@id":"https:\/\/sport-alencon.fr\/#website","url":"https:\/\/sport-alencon.fr\/","name":"ASTMNA","description":"Club FSGT Multi-activit\u00e9s \u00e0 Alen\u00e7on","publisher":{"@id":"https:\/\/sport-alencon.fr\/#organization"},"potentialAction":[{"@type":"SearchAction","target":{"@type":"EntryPoint","urlTemplate":"https:\/\/sport-alencon.fr\/?s={search_term_string}"},"query-input":"required name=search_term_string"}],"inLanguage":"fr-FR"},{"@type":"Organization","@id":"https:\/\/sport-alencon.fr\/#organization","name":"ASTMNA","url":"https:\/\/sport-alencon.fr\/","logo":{"@type":"ImageObject","inLanguage":"fr-FR","@id":"https:\/\/sport-alencon.fr\/#\/schema\/logo\/image\/","url":"https:\/\/sport-alencon.fr\/wp-content\/uploads\/2021\/03\/20220711140221.png","contentUrl":"https:\/\/sport-alencon.fr\/wp-content\/uploads\/2021\/03\/20220711140221.png","width":500,"height":510,"caption":"ASTMNA"},"image":{"@id":"https:\/\/sport-alencon.fr\/#\/schema\/logo\/image\/"},"sameAs":["https:\/\/facebook.com\/yoast"]}]}},"_links":{"self":[{"href":"https:\/\/sport-alencon.fr\/index.php\/wp-json\/wp\/v2\/pages\/2621"}],"collection":[{"href":"https:\/\/sport-alencon.fr\/index.php\/wp-json\/wp\/v2\/pages"}],"about":[{"href":"https:\/\/sport-alencon.fr\/index.php\/wp-json\/wp\/v2\/types\/page"}],"author":[{"embeddable":true,"href":"https:\/\/sport-alencon.fr\/index.php\/wp-json\/wp\/v2\/users\/1"}],"replies":[{"embeddable":true,"href":"https:\/\/sport-alencon.fr\/index.php\/wp-json\/wp\/v2\/comments?post=2621"}],"version-history":[{"count":17,"href":"https:\/\/sport-alencon.fr\/index.php\/wp-json\/wp\/v2\/pages\/2621\/revisions"}],"predecessor-version":[{"id":3693,"href":"https:\/\/sport-alencon.fr\/index.php\/wp-json\/wp\/v2\/pages\/2621\/revisions\/3693"}],"wp:attachment":[{"href":"https:\/\/sport-alencon.fr\/index.php\/wp-json\/wp\/v2\/media?parent=2621"}],"curies":[{"name":"wp","href":"https:\/\/api.w.org\/{rel}","templated":true}]}}