{"id":2633,"date":"2024-08-16T17:34:06","date_gmt":"2024-08-16T15:34:06","guid":{"rendered":"https:\/\/sport-alencon.fr\/?page_id=2633"},"modified":"2024-08-16T17:34:28","modified_gmt":"2024-08-16T15:34:28","slug":"tai-chi","status":"publish","type":"page","link":"https:\/\/sport-alencon.fr\/index.php\/tai-chi\/","title":{"rendered":"Tai Chi"},"content":{"rendered":"\t\t<div data-elementor-type=\"wp-page\" data-elementor-id=\"2633\" class=\"elementor elementor-2633\" data-elementor-post-type=\"page\">\n\t\t\t\t\t\t<section class=\"elementor-section elementor-top-section elementor-element elementor-element-f6a73cd elementor-section-boxed elementor-section-height-default elementor-section-height-default\" data-id=\"f6a73cd\" data-element_type=\"section\">\n\t\t\t\t\t\t<div class=\"elementor-container elementor-column-gap-default\">\n\t\t\t\t\t<div class=\"elementor-column elementor-col-100 elementor-top-column elementor-element elementor-element-a548194\" data-id=\"a548194\" data-element_type=\"column\">\n\t\t\t<div class=\"elementor-widget-wrap elementor-element-populated\">\n\t\t\t\t\t\t<div class=\"elementor-element elementor-element-90a5848 elementor-widget elementor-widget-image\" data-id=\"90a5848\" data-element_type=\"widget\" data-widget_type=\"image.default\">\n\t\t\t\t<div class=\"elementor-widget-container\">\n\t\t\t\t\t\t\t\t\t\t\t\t\t<img fetchpriority=\"high\" decoding=\"async\" width=\"300\" height=\"200\" src=\"https:\/\/sport-alencon.fr\/wp-content\/uploads\/2023\/04\/DSC01198-300x200.jpg\" class=\"attachment-medium size-medium wp-image-925\" alt=\"\" srcset=\"https:\/\/sport-alencon.fr\/wp-content\/uploads\/2023\/04\/DSC01198-300x200.jpg 300w, https:\/\/sport-alencon.fr\/wp-content\/uploads\/2023\/04\/DSC01198-1024x684.jpg 1024w, https:\/\/sport-alencon.fr\/wp-content\/uploads\/2023\/04\/DSC01198-768x513.jpg 768w, https:\/\/sport-alencon.fr\/wp-content\/uploads\/2023\/04\/DSC01198-1536x1027.jpg 1536w, https:\/\/sport-alencon.fr\/wp-content\/uploads\/2023\/04\/DSC01198.jpg 1616w\" sizes=\"(max-width: 300px) 100vw, 300px\" \/>\t\t\t\t\t\t\t\t\t\t\t\t\t<\/div>\n\t\t\t\t<\/div>\n\t\t\t\t<div class=\"elementor-element elementor-element-73af632 elementor-widget elementor-widget-heading\" data-id=\"73af632\" data-element_type=\"widget\" data-widget_type=\"heading.default\">\n\t\t\t\t<div class=\"elementor-widget-container\">\n\t\t\t<h2 class=\"elementor-heading-title elementor-size-default\">TAI CHI \u00e0 Alen\u00e7on avec l'ASTMNA<\/h2>\t\t<\/div>\n\t\t\t\t<\/div>\n\t\t\t\t<div class=\"elementor-element elementor-element-153857e elementor-widget elementor-widget-text-editor\" data-id=\"153857e\" data-element_type=\"widget\" data-widget_type=\"text-editor.default\">\n\t\t\t\t<div class=\"elementor-widget-container\">\n\t\t\t\t\t\t\t<p>Bienvenue sur notre page d\u00e9di\u00e9e au Tai Chi ! D\u00e9couvrez cet art martial chinois traditionnel qui combine mouvements fluides et techniques de respiration pour favoriser l&rsquo;\u00e9quilibre, la souplesse et la relaxation. Rejoignez l&rsquo;ASTMNA \u00e0 Alen\u00e7on pour une exp\u00e9rience unique qui r\u00e9duira votre stress et renforcera votre corps.<\/p>\t\t\t\t\t\t<\/div>\n\t\t\t\t<\/div>\n\t\t\t\t<div class=\"elementor-element elementor-element-7a4f323 elementor-widget elementor-widget-heading\" data-id=\"7a4f323\" data-element_type=\"widget\" data-widget_type=\"heading.default\">\n\t\t\t\t<div class=\"elementor-widget-container\">\n\t\t\t<h2 class=\"elementor-heading-title elementor-size-default\">Pourquoi choisir le TAI CHI avec l'ASTMNA?<\/h2>\t\t<\/div>\n\t\t\t\t<\/div>\n\t\t\t\t<div class=\"elementor-element elementor-element-5ba51c6 elementor-widget elementor-widget-heading\" data-id=\"5ba51c6\" data-element_type=\"widget\" data-widget_type=\"heading.default\">\n\t\t\t\t<div class=\"elementor-widget-container\">\n\t\t\t<h2 class=\"elementor-heading-title elementor-size-default\">Un art martial ancestral aux nombreux bienfaits<\/h2>\t\t<\/div>\n\t\t\t\t<\/div>\n\t\t\t\t<div class=\"elementor-element elementor-element-10a14a6 elementor-widget elementor-widget-text-editor\" data-id=\"10a14a6\" data-element_type=\"widget\" data-widget_type=\"text-editor.default\">\n\t\t\t\t<div class=\"elementor-widget-container\">\n\t\t\t\t\t\t\t<p>Le Tai Chi, ou Tai Chi Chuan, est une pratique mill\u00e9naire qui allie m\u00e9ditation en mouvement et exercices de respiration. Ses mouvements lents et harmonieux favorisent la circulation de l&rsquo;\u00e9nergie vitale (Qi) dans le corps, renfor\u00e7ant ainsi la sant\u00e9 physique et mentale. Parfait pour ceux qui recherchent une activit\u00e9 apaisante et revitalisante.<\/p>\t\t\t\t\t\t<\/div>\n\t\t\t\t<\/div>\n\t\t\t\t<div class=\"elementor-element elementor-element-ebdf034 elementor-widget elementor-widget-heading\" data-id=\"ebdf034\" data-element_type=\"widget\" data-widget_type=\"heading.default\">\n\t\t\t\t<div class=\"elementor-widget-container\">\n\t\t\t<h2 class=\"elementor-heading-title elementor-size-default\">Am\u00e9liorez votre \u00e9quilibre et votre souplesse<\/h2>\t\t<\/div>\n\t\t\t\t<\/div>\n\t\t\t\t<div class=\"elementor-element elementor-element-4b40796 elementor-widget elementor-widget-text-editor\" data-id=\"4b40796\" data-element_type=\"widget\" data-widget_type=\"text-editor.default\">\n\t\t\t\t<div class=\"elementor-widget-container\">\n\t\t\t\t\t\t\t<p>Le Tai Chi, ou Tai Chi Chuan, est une pratique mill\u00e9naire qui allie m\u00e9ditation en mouvement et exercices de respiration. Ses mouvements lents et harmonieux favorisent la circulation de l&rsquo;\u00e9nergie vitale (Qi) dans le corps, renfor\u00e7ant ainsi la sant\u00e9 physique et mentale. Parfait pour ceux qui recherchent une activit\u00e9 apaisante et revitalisante.<\/p>\t\t\t\t\t\t<\/div>\n\t\t\t\t<\/div>\n\t\t\t\t<div class=\"elementor-element elementor-element-1c26077 elementor-widget elementor-widget-heading\" data-id=\"1c26077\" data-element_type=\"widget\" data-widget_type=\"heading.default\">\n\t\t\t\t<div class=\"elementor-widget-container\">\n\t\t\t<h2 class=\"elementor-heading-title elementor-size-default\">R\u00e9duisez le stress et trouvez la relaxation<\/h2>\t\t<\/div>\n\t\t\t\t<\/div>\n\t\t\t\t<div class=\"elementor-element elementor-element-32735ec elementor-widget elementor-widget-text-editor\" data-id=\"32735ec\" data-element_type=\"widget\" data-widget_type=\"text-editor.default\">\n\t\t\t\t<div class=\"elementor-widget-container\">\n\t\t\t\t\t\t\t<p>Les mouvements doux et rythm\u00e9s du Tai Chi, combin\u00e9s \u00e0 une respiration profonde et r\u00e9guli\u00e8re, aident \u00e0 r\u00e9duire le stress et l&rsquo;anxi\u00e9t\u00e9. Cette pratique vous permettra de vous d\u00e9tendre profond\u00e9ment, de calmer votre esprit et de trouver une s\u00e9r\u00e9nit\u00e9 int\u00e9rieure.<\/p>\t\t\t\t\t\t<\/div>\n\t\t\t\t<\/div>\n\t\t\t\t<div class=\"elementor-element elementor-element-1541667 elementor-widget elementor-widget-heading\" data-id=\"1541667\" data-element_type=\"widget\" data-widget_type=\"heading.default\">\n\t\t\t\t<div class=\"elementor-widget-container\">\n\t\t\t<h2 class=\"elementor-heading-title elementor-size-default\">Renforcez votre corps en douceur<\/h2>\t\t<\/div>\n\t\t\t\t<\/div>\n\t\t\t\t<div class=\"elementor-element elementor-element-1aa4ac7 elementor-widget elementor-widget-text-editor\" data-id=\"1aa4ac7\" data-element_type=\"widget\" data-widget_type=\"text-editor.default\">\n\t\t\t\t<div class=\"elementor-widget-container\">\n\t\t\t\t\t\t\t<p>Contrairement \u00e0 d&rsquo;autres arts martiaux plus intenses, le Tai Chi renforce le corps de mani\u00e8re douce et progressive. Les postures et les mouvements fluides sollicitent les muscles en profondeur sans risque de blessure. Vous gagnerez en force, en endurance et en vitalit\u00e9 sans brusquer votre organisme.<\/p>\t\t\t\t\t\t<\/div>\n\t\t\t\t<\/div>\n\t\t\t\t<div class=\"elementor-element elementor-element-c1b3c99 elementor-widget elementor-widget-heading\" data-id=\"c1b3c99\" data-element_type=\"widget\" data-widget_type=\"heading.default\">\n\t\t\t\t<div class=\"elementor-widget-container\">\n\t\t\t<h2 class=\"elementor-heading-title elementor-size-default\">Un enseignement de qualit\u00e9<\/h2>\t\t<\/div>\n\t\t\t\t<\/div>\n\t\t\t\t<div class=\"elementor-element elementor-element-7e94654 elementor-widget elementor-widget-text-editor\" data-id=\"7e94654\" data-element_type=\"widget\" data-widget_type=\"text-editor.default\">\n\t\t\t\t<div class=\"elementor-widget-container\">\n\t\t\t\t\t\t\t<p>Notre instructeur exp\u00e9riment\u00e9 et passionn\u00e9 vous guidera pas \u00e0 pas dans l&rsquo;apprentissage du Tai Chi. Son approche p\u00e9dagogique, respectueuse et bienveillante vous permettra de progresser \u00e0 votre rythme, tout en b\u00e9n\u00e9ficiant d&rsquo;un suivi personnalis\u00e9.<\/p>\t\t\t\t\t\t<\/div>\n\t\t\t\t<\/div>\n\t\t\t\t<div class=\"elementor-element elementor-element-81e4807 elementor-widget elementor-widget-heading\" data-id=\"81e4807\" data-element_type=\"widget\" data-widget_type=\"heading.default\">\n\t\t\t\t<div class=\"elementor-widget-container\">\n\t\t\t<h2 class=\"elementor-heading-title elementor-size-default\">Une communaut\u00e9 chaleureuse et accueillante<\/h2>\t\t<\/div>\n\t\t\t\t<\/div>\n\t\t\t\t<div class=\"elementor-element elementor-element-61f47f3 elementor-widget elementor-widget-text-editor\" data-id=\"61f47f3\" data-element_type=\"widget\" data-widget_type=\"text-editor.default\">\n\t\t\t\t<div class=\"elementor-widget-container\">\n\t\t\t\t\t\t\t<p>Rejoindre nos cours de Tai Chi, c&rsquo;est int\u00e9grer une communaut\u00e9 de pratiquants motiv\u00e9s et bienveillants. Partagez des moments de calme et de d\u00e9tente, tout en faisant de nouvelles rencontres et en tissant des liens d&rsquo;amiti\u00e9.<\/p>\t\t\t\t\t\t<\/div>\n\t\t\t\t<\/div>\n\t\t\t\t<div class=\"elementor-element elementor-element-f7cf022 elementor-widget elementor-widget-heading\" data-id=\"f7cf022\" data-element_type=\"widget\" data-widget_type=\"heading.default\">\n\t\t\t\t<div class=\"elementor-widget-container\">\n\t\t\t<h2 class=\"elementor-heading-title elementor-size-default\">Nos s\u00e9ances de Tai Chi<\/h2>\t\t<\/div>\n\t\t\t\t<\/div>\n\t\t\t\t<div class=\"elementor-element elementor-element-8035722 elementor-widget elementor-widget-text-editor\" data-id=\"8035722\" data-element_type=\"widget\" data-widget_type=\"text-editor.default\">\n\t\t\t\t<div class=\"elementor-widget-container\">\n\t\t\t\t\t\t\t<ul><li><strong>S\u00e9ances Apr\u00e8s-Midi<\/strong><br \/>Profitez de l&rsquo;apr\u00e8s-midi pour une pause relaxante et ressour\u00e7ante. Nos s\u00e9ances de l&rsquo;apr\u00e8s-midi vous aideront \u00e0 rel\u00e2cher les tensions accumul\u00e9es.<\/li><\/ul>\t\t\t\t\t\t<\/div>\n\t\t\t\t<\/div>\n\t\t\t\t<div class=\"elementor-element elementor-element-dbfe1b5 elementor-widget elementor-widget-heading\" data-id=\"dbfe1b5\" data-element_type=\"widget\" data-widget_type=\"heading.default\">\n\t\t\t\t<div class=\"elementor-widget-container\">\n\t\t\t<h2 class=\"elementor-heading-title elementor-size-default\">Rejoignez-nous<\/h2>\t\t<\/div>\n\t\t\t\t<\/div>\n\t\t\t\t<div class=\"elementor-element elementor-element-18f03a8 elementor-widget elementor-widget-text-editor\" data-id=\"18f03a8\" data-element_type=\"widget\" data-widget_type=\"text-editor.default\">\n\t\t\t\t<div class=\"elementor-widget-container\">\n\t\t\t\t\t\t\t<p>Envie de d\u00e9couvrir les bienfaits du Tai Chi et de prendre soin de votre bien-\u00eatre \u00e0 Alen\u00e7on ? Inscrivez-vous d\u00e8s maintenant \u00e0 nos cours et laissez-vous guider par nos experts. L&rsquo;ASTMNA vous accueille dans un environnement serein et propice \u00e0 la d\u00e9tente.<\/p><p>Pour plus d&rsquo;informations, n&rsquo;h\u00e9sitez pas \u00e0 nous contacter ou \u00e0 venir nous rendre visite. Nous serons ravis de r\u00e9pondre \u00e0 vos questions et de vous aider \u00e0 trouver la s\u00e9ance qui vous convient le mieux.<\/p>\t\t\t\t\t\t<\/div>\n\t\t\t\t<\/div>\n\t\t\t\t<div class=\"elementor-element elementor-element-fb49fe7 elementor-widget elementor-widget-heading\" data-id=\"fb49fe7\" data-element_type=\"widget\" data-widget_type=\"heading.default\">\n\t\t\t\t<div class=\"elementor-widget-container\">\n\t\t\t<h2 class=\"elementor-heading-title elementor-size-default\">Contactez-nous<\/h2>\t\t<\/div>\n\t\t\t\t<\/div>\n\t\t\t\t<div class=\"elementor-element elementor-element-178e4fe elementor-widget elementor-widget-text-editor\" data-id=\"178e4fe\" data-element_type=\"widget\" data-widget_type=\"text-editor.default\">\n\t\t\t\t<div class=\"elementor-widget-container\">\n\t\t\t\t\t\t\t<ul><li>Email : astmna.61000@gmail.com<\/li><li>T\u00e9l\u00e9phone : 06 74 35 34 89<\/li><\/ul>\t\t\t\t\t\t<\/div>\n\t\t\t\t<\/div>\n\t\t\t\t\t<\/div>\n\t\t<\/div>\n\t\t\t\t\t<\/div>\n\t\t<\/section>\n\t\t\t\t<\/div>\n\t\t","protected":false},"excerpt":{"rendered":"<p>TAI CHI \u00e0 Alen\u00e7on avec l&rsquo;ASTMNA Bienvenue sur notre page d\u00e9di\u00e9e au Tai Chi ! D\u00e9couvrez cet art martial chinois traditionnel qui combine mouvements fluides et techniques de respiration pour favoriser l&rsquo;\u00e9quilibre, la souplesse et la relaxation. Rejoignez l&rsquo;ASTMNA \u00e0 Alen\u00e7on pour une exp\u00e9rience unique qui r\u00e9duira votre stress et renforcera votre corps. Pourquoi choisir [&hellip;]<\/p>\n","protected":false},"author":1,"featured_media":0,"parent":0,"menu_order":0,"comment_status":"closed","ping_status":"closed","template":"","meta":{"footnotes":""},"yoast_head":"<!-- This site is optimized with the Yoast SEO plugin v23.2 - https:\/\/yoast.com\/wordpress\/plugins\/seo\/ -->\n<title>Tai Chi - ASTMNA<\/title>\n<meta name=\"robots\" content=\"index, follow, max-snippet:-1, max-image-preview:large, max-video-preview:-1\" \/>\n<link rel=\"canonical\" href=\"https:\/\/sport-alencon.fr\/index.php\/tai-chi\/\" \/>\n<meta property=\"og:locale\" content=\"fr_FR\" \/>\n<meta property=\"og:type\" content=\"article\" \/>\n<meta property=\"og:title\" content=\"Tai Chi - ASTMNA\" \/>\n<meta property=\"og:description\" content=\"TAI CHI \u00e0 Alen\u00e7on avec l&rsquo;ASTMNA Bienvenue sur notre page d\u00e9di\u00e9e au Tai Chi ! D\u00e9couvrez cet art martial chinois traditionnel qui combine mouvements fluides et techniques de respiration pour favoriser l&rsquo;\u00e9quilibre, la souplesse et la relaxation. Rejoignez l&rsquo;ASTMNA \u00e0 Alen\u00e7on pour une exp\u00e9rience unique qui r\u00e9duira votre stress et renforcera votre corps. Pourquoi choisir [&hellip;]\" \/>\n<meta property=\"og:url\" content=\"https:\/\/sport-alencon.fr\/index.php\/tai-chi\/\" \/>\n<meta property=\"og:site_name\" content=\"ASTMNA\" \/>\n<meta property=\"article:publisher\" content=\"https:\/\/facebook.com\/yoast\" \/>\n<meta property=\"article:modified_time\" content=\"2024-08-16T15:34:28+00:00\" \/>\n<meta property=\"og:image\" content=\"https:\/\/sport-alencon.fr\/wp-content\/uploads\/2023\/04\/DSC01198-300x200.jpg\" \/>\n<meta name=\"twitter:card\" content=\"summary_large_image\" \/>\n<meta name=\"twitter:label1\" content=\"Dur\u00e9e de lecture estim\u00e9e\" \/>\n\t<meta name=\"twitter:data1\" content=\"3 minutes\" \/>\n<script type=\"application\/ld+json\" class=\"yoast-schema-graph\">{\"@context\":\"https:\/\/schema.org\",\"@graph\":[{\"@type\":\"WebPage\",\"@id\":\"https:\/\/sport-alencon.fr\/index.php\/tai-chi\/\",\"url\":\"https:\/\/sport-alencon.fr\/index.php\/tai-chi\/\",\"name\":\"Tai Chi - ASTMNA\",\"isPartOf\":{\"@id\":\"https:\/\/sport-alencon.fr\/#website\"},\"primaryImageOfPage\":{\"@id\":\"https:\/\/sport-alencon.fr\/index.php\/tai-chi\/#primaryimage\"},\"image\":{\"@id\":\"https:\/\/sport-alencon.fr\/index.php\/tai-chi\/#primaryimage\"},\"thumbnailUrl\":\"https:\/\/sport-alencon.fr\/wp-content\/uploads\/2023\/04\/DSC01198-300x200.jpg\",\"datePublished\":\"2024-08-16T15:34:06+00:00\",\"dateModified\":\"2024-08-16T15:34:28+00:00\",\"breadcrumb\":{\"@id\":\"https:\/\/sport-alencon.fr\/index.php\/tai-chi\/#breadcrumb\"},\"inLanguage\":\"fr-FR\",\"potentialAction\":[{\"@type\":\"ReadAction\",\"target\":[\"https:\/\/sport-alencon.fr\/index.php\/tai-chi\/\"]}]},{\"@type\":\"ImageObject\",\"inLanguage\":\"fr-FR\",\"@id\":\"https:\/\/sport-alencon.fr\/index.php\/tai-chi\/#primaryimage\",\"url\":\"https:\/\/sport-alencon.fr\/wp-content\/uploads\/2023\/04\/DSC01198.jpg\",\"contentUrl\":\"https:\/\/sport-alencon.fr\/wp-content\/uploads\/2023\/04\/DSC01198.jpg\",\"width\":1616,\"height\":1080,\"caption\":\"le Tai-chi le mardi avec Thierry\"},{\"@type\":\"BreadcrumbList\",\"@id\":\"https:\/\/sport-alencon.fr\/index.php\/tai-chi\/#breadcrumb\",\"itemListElement\":[{\"@type\":\"ListItem\",\"position\":1,\"name\":\"Accueil\",\"item\":\"https:\/\/sport-alencon.fr\/\"},{\"@type\":\"ListItem\",\"position\":2,\"name\":\"Tai Chi\"}]},{\"@type\":\"WebSite\",\"@id\":\"https:\/\/sport-alencon.fr\/#website\",\"url\":\"https:\/\/sport-alencon.fr\/\",\"name\":\"ASTMNA\",\"description\":\"Club FSGT Multi-activit\u00e9s \u00e0 Alen\u00e7on\",\"publisher\":{\"@id\":\"https:\/\/sport-alencon.fr\/#organization\"},\"potentialAction\":[{\"@type\":\"SearchAction\",\"target\":{\"@type\":\"EntryPoint\",\"urlTemplate\":\"https:\/\/sport-alencon.fr\/?s={search_term_string}\"},\"query-input\":\"required name=search_term_string\"}],\"inLanguage\":\"fr-FR\"},{\"@type\":\"Organization\",\"@id\":\"https:\/\/sport-alencon.fr\/#organization\",\"name\":\"ASTMNA\",\"url\":\"https:\/\/sport-alencon.fr\/\",\"logo\":{\"@type\":\"ImageObject\",\"inLanguage\":\"fr-FR\",\"@id\":\"https:\/\/sport-alencon.fr\/#\/schema\/logo\/image\/\",\"url\":\"https:\/\/sport-alencon.fr\/wp-content\/uploads\/2021\/03\/20220711140221.png\",\"contentUrl\":\"https:\/\/sport-alencon.fr\/wp-content\/uploads\/2021\/03\/20220711140221.png\",\"width\":500,\"height\":510,\"caption\":\"ASTMNA\"},\"image\":{\"@id\":\"https:\/\/sport-alencon.fr\/#\/schema\/logo\/image\/\"},\"sameAs\":[\"https:\/\/facebook.com\/yoast\"]}]}<\/script>\n<!-- \/ Yoast SEO plugin. -->","yoast_head_json":{"title":"Tai Chi - ASTMNA","robots":{"index":"index","follow":"follow","max-snippet":"max-snippet:-1","max-image-preview":"max-image-preview:large","max-video-preview":"max-video-preview:-1"},"canonical":"https:\/\/sport-alencon.fr\/index.php\/tai-chi\/","og_locale":"fr_FR","og_type":"article","og_title":"Tai Chi - ASTMNA","og_description":"TAI CHI \u00e0 Alen\u00e7on avec l&rsquo;ASTMNA Bienvenue sur notre page d\u00e9di\u00e9e au Tai Chi ! D\u00e9couvrez cet art martial chinois traditionnel qui combine mouvements fluides et techniques de respiration pour favoriser l&rsquo;\u00e9quilibre, la souplesse et la relaxation. Rejoignez l&rsquo;ASTMNA \u00e0 Alen\u00e7on pour une exp\u00e9rience unique qui r\u00e9duira votre stress et renforcera votre corps. Pourquoi choisir [&hellip;]","og_url":"https:\/\/sport-alencon.fr\/index.php\/tai-chi\/","og_site_name":"ASTMNA","article_publisher":"https:\/\/facebook.com\/yoast","article_modified_time":"2024-08-16T15:34:28+00:00","og_image":[{"url":"https:\/\/sport-alencon.fr\/wp-content\/uploads\/2023\/04\/DSC01198-300x200.jpg"}],"twitter_card":"summary_large_image","twitter_misc":{"Dur\u00e9e de lecture estim\u00e9e":"3 minutes"},"schema":{"@context":"https:\/\/schema.org","@graph":[{"@type":"WebPage","@id":"https:\/\/sport-alencon.fr\/index.php\/tai-chi\/","url":"https:\/\/sport-alencon.fr\/index.php\/tai-chi\/","name":"Tai Chi - ASTMNA","isPartOf":{"@id":"https:\/\/sport-alencon.fr\/#website"},"primaryImageOfPage":{"@id":"https:\/\/sport-alencon.fr\/index.php\/tai-chi\/#primaryimage"},"image":{"@id":"https:\/\/sport-alencon.fr\/index.php\/tai-chi\/#primaryimage"},"thumbnailUrl":"https:\/\/sport-alencon.fr\/wp-content\/uploads\/2023\/04\/DSC01198-300x200.jpg","datePublished":"2024-08-16T15:34:06+00:00","dateModified":"2024-08-16T15:34:28+00:00","breadcrumb":{"@id":"https:\/\/sport-alencon.fr\/index.php\/tai-chi\/#breadcrumb"},"inLanguage":"fr-FR","potentialAction":[{"@type":"ReadAction","target":["https:\/\/sport-alencon.fr\/index.php\/tai-chi\/"]}]},{"@type":"ImageObject","inLanguage":"fr-FR","@id":"https:\/\/sport-alencon.fr\/index.php\/tai-chi\/#primaryimage","url":"https:\/\/sport-alencon.fr\/wp-content\/uploads\/2023\/04\/DSC01198.jpg","contentUrl":"https:\/\/sport-alencon.fr\/wp-content\/uploads\/2023\/04\/DSC01198.jpg","width":1616,"height":1080,"caption":"le Tai-chi le mardi avec Thierry"},{"@type":"BreadcrumbList","@id":"https:\/\/sport-alencon.fr\/index.php\/tai-chi\/#breadcrumb","itemListElement":[{"@type":"ListItem","position":1,"name":"Accueil","item":"https:\/\/sport-alencon.fr\/"},{"@type":"ListItem","position":2,"name":"Tai Chi"}]},{"@type":"WebSite","@id":"https:\/\/sport-alencon.fr\/#website","url":"https:\/\/sport-alencon.fr\/","name":"ASTMNA","description":"Club FSGT Multi-activit\u00e9s \u00e0 Alen\u00e7on","publisher":{"@id":"https:\/\/sport-alencon.fr\/#organization"},"potentialAction":[{"@type":"SearchAction","target":{"@type":"EntryPoint","urlTemplate":"https:\/\/sport-alencon.fr\/?s={search_term_string}"},"query-input":"required name=search_term_string"}],"inLanguage":"fr-FR"},{"@type":"Organization","@id":"https:\/\/sport-alencon.fr\/#organization","name":"ASTMNA","url":"https:\/\/sport-alencon.fr\/","logo":{"@type":"ImageObject","inLanguage":"fr-FR","@id":"https:\/\/sport-alencon.fr\/#\/schema\/logo\/image\/","url":"https:\/\/sport-alencon.fr\/wp-content\/uploads\/2021\/03\/20220711140221.png","contentUrl":"https:\/\/sport-alencon.fr\/wp-content\/uploads\/2021\/03\/20220711140221.png","width":500,"height":510,"caption":"ASTMNA"},"image":{"@id":"https:\/\/sport-alencon.fr\/#\/schema\/logo\/image\/"},"sameAs":["https:\/\/facebook.com\/yoast"]}]}},"_links":{"self":[{"href":"https:\/\/sport-alencon.fr\/index.php\/wp-json\/wp\/v2\/pages\/2633"}],"collection":[{"href":"https:\/\/sport-alencon.fr\/index.php\/wp-json\/wp\/v2\/pages"}],"about":[{"href":"https:\/\/sport-alencon.fr\/index.php\/wp-json\/wp\/v2\/types\/page"}],"author":[{"embeddable":true,"href":"https:\/\/sport-alencon.fr\/index.php\/wp-json\/wp\/v2\/users\/1"}],"replies":[{"embeddable":true,"href":"https:\/\/sport-alencon.fr\/index.php\/wp-json\/wp\/v2\/comments?post=2633"}],"version-history":[{"count":4,"href":"https:\/\/sport-alencon.fr\/index.php\/wp-json\/wp\/v2\/pages\/2633\/revisions"}],"predecessor-version":[{"id":2638,"href":"https:\/\/sport-alencon.fr\/index.php\/wp-json\/wp\/v2\/pages\/2633\/revisions\/2638"}],"wp:attachment":[{"href":"https:\/\/sport-alencon.fr\/index.php\/wp-json\/wp\/v2\/media?parent=2633"}],"curies":[{"name":"wp","href":"https:\/\/api.w.org\/{rel}","templated":true}]}}