{"id":2645,"date":"2024-08-16T17:40:51","date_gmt":"2024-08-16T15:40:51","guid":{"rendered":"https:\/\/sport-alencon.fr\/?page_id=2645"},"modified":"2024-08-16T17:41:10","modified_gmt":"2024-08-16T15:41:10","slug":"yoga","status":"publish","type":"page","link":"https:\/\/sport-alencon.fr\/index.php\/yoga\/","title":{"rendered":"Yoga"},"content":{"rendered":"\t\t<div data-elementor-type=\"wp-page\" data-elementor-id=\"2645\" class=\"elementor elementor-2645\" data-elementor-post-type=\"page\">\n\t\t\t\t\t\t<section class=\"elementor-section elementor-top-section elementor-element elementor-element-d680159 elementor-section-boxed elementor-section-height-default elementor-section-height-default\" data-id=\"d680159\" data-element_type=\"section\">\n\t\t\t\t\t\t<div class=\"elementor-container elementor-column-gap-default\">\n\t\t\t\t\t<div class=\"elementor-column elementor-col-100 elementor-top-column elementor-element elementor-element-fb4e342\" data-id=\"fb4e342\" data-element_type=\"column\">\n\t\t\t<div class=\"elementor-widget-wrap elementor-element-populated\">\n\t\t\t\t\t\t<div class=\"elementor-element elementor-element-28ae0d3 elementor-widget elementor-widget-image\" data-id=\"28ae0d3\" data-element_type=\"widget\" data-widget_type=\"image.default\">\n\t\t\t\t<div class=\"elementor-widget-container\">\n\t\t\t\t\t\t\t\t\t\t\t\t\t<img fetchpriority=\"high\" decoding=\"async\" width=\"300\" height=\"225\" src=\"https:\/\/sport-alencon.fr\/wp-content\/uploads\/2024\/08\/Yoga-avec-Sophie-300x225.jpeg\" class=\"attachment-medium size-medium wp-image-2235\" alt=\"\" srcset=\"https:\/\/sport-alencon.fr\/wp-content\/uploads\/2024\/08\/Yoga-avec-Sophie-300x225.jpeg 300w, https:\/\/sport-alencon.fr\/wp-content\/uploads\/2024\/08\/Yoga-avec-Sophie.jpeg 480w\" sizes=\"(max-width: 300px) 100vw, 300px\" \/>\t\t\t\t\t\t\t\t\t\t\t\t\t<\/div>\n\t\t\t\t<\/div>\n\t\t\t\t<div class=\"elementor-element elementor-element-e803411 elementor-widget elementor-widget-heading\" data-id=\"e803411\" data-element_type=\"widget\" data-widget_type=\"heading.default\">\n\t\t\t\t<div class=\"elementor-widget-container\">\n\t\t\t<h2 class=\"elementor-heading-title elementor-size-default\">YOGA \u00e0 Alen\u00e7on avec l'ASTMNA<\/h2>\t\t<\/div>\n\t\t\t\t<\/div>\n\t\t\t\t<div class=\"elementor-element elementor-element-de444a3 elementor-widget elementor-widget-text-editor\" data-id=\"de444a3\" data-element_type=\"widget\" data-widget_type=\"text-editor.default\">\n\t\t\t\t<div class=\"elementor-widget-container\">\n\t\t\t\t\t\t\t<p>Bienvenue sur notre page d\u00e9di\u00e9e au Yoga ! D\u00e9couvrez une pratique mill\u00e9naire qui combine postures, respiration et m\u00e9ditation pour vous offrir d\u00e9tente et s\u00e9r\u00e9nit\u00e9 int\u00e9rieure. Rejoignez l&rsquo;ASTMNA \u00e0 Alen\u00e7on et int\u00e9grez nos s\u00e9ances de yoga, con\u00e7ues pour tous les niveaux.<\/p>\t\t\t\t\t\t<\/div>\n\t\t\t\t<\/div>\n\t\t\t\t<div class=\"elementor-element elementor-element-f803cb9 elementor-widget elementor-widget-heading\" data-id=\"f803cb9\" data-element_type=\"widget\" data-widget_type=\"heading.default\">\n\t\t\t\t<div class=\"elementor-widget-container\">\n\t\t\t<h2 class=\"elementor-heading-title elementor-size-default\">Pourquoi choisir le YOGA avec l'ASTMNA?<\/h2>\t\t<\/div>\n\t\t\t\t<\/div>\n\t\t\t\t<div class=\"elementor-element elementor-element-be5bf93 elementor-widget elementor-widget-heading\" data-id=\"be5bf93\" data-element_type=\"widget\" data-widget_type=\"heading.default\">\n\t\t\t\t<div class=\"elementor-widget-container\">\n\t\t\t<h2 class=\"elementor-heading-title elementor-size-default\">Une pratique pour le sport et l'esprit<\/h2>\t\t<\/div>\n\t\t\t\t<\/div>\n\t\t\t\t<div class=\"elementor-element elementor-element-f758756 elementor-widget elementor-widget-text-editor\" data-id=\"f758756\" data-element_type=\"widget\" data-widget_type=\"text-editor.default\">\n\t\t\t\t<div class=\"elementor-widget-container\">\n\t\t\t\t\t\t\t<p>Le Yoga est bien plus qu&rsquo;une simple activit\u00e9 physique. C&rsquo;est une discipline holistique qui vise \u00e0 harmoniser le corps et l&rsquo;esprit. \u00c0 travers des postures (asanas), des exercices de respiration (pranayama) et de la m\u00e9ditation, vous d\u00e9velopperez une meilleure conscience de vous-m\u00eame et de votre environnement.<\/p>\t\t\t\t\t\t<\/div>\n\t\t\t\t<\/div>\n\t\t\t\t<div class=\"elementor-element elementor-element-0fb2d28 elementor-widget elementor-widget-heading\" data-id=\"0fb2d28\" data-element_type=\"widget\" data-widget_type=\"heading.default\">\n\t\t\t\t<div class=\"elementor-widget-container\">\n\t\t\t<h2 class=\"elementor-heading-title elementor-size-default\">R\u00e9duisez le stress et trouvez la s\u00e9r\u00e9nit\u00e9<\/h2>\t\t<\/div>\n\t\t\t\t<\/div>\n\t\t\t\t<div class=\"elementor-element elementor-element-779e791 elementor-widget elementor-widget-text-editor\" data-id=\"779e791\" data-element_type=\"widget\" data-widget_type=\"text-editor.default\">\n\t\t\t\t<div class=\"elementor-widget-container\">\n\t\t\t\t\t\t\t<p>Nos s\u00e9ances de yoga sont sp\u00e9cialement con\u00e7ues pour vous aider \u00e0 vous d\u00e9tendre et \u00e0 r\u00e9duire le stress quotidien. Les techniques de respiration et de m\u00e9ditation vous permettront de calmer votre esprit, de rel\u00e2cher les tensions et de retrouver une profonde s\u00e9r\u00e9nit\u00e9 int\u00e9rieure.<\/p>\t\t\t\t\t\t<\/div>\n\t\t\t\t<\/div>\n\t\t\t\t<div class=\"elementor-element elementor-element-5304e65 elementor-widget elementor-widget-heading\" data-id=\"5304e65\" data-element_type=\"widget\" data-widget_type=\"heading.default\">\n\t\t\t\t<div class=\"elementor-widget-container\">\n\t\t\t<h2 class=\"elementor-heading-title elementor-size-default\">Am\u00e9liorez votre flexibilit\u00e9 et votre force<\/h2>\t\t<\/div>\n\t\t\t\t<\/div>\n\t\t\t\t<div class=\"elementor-element elementor-element-4a1cc6d elementor-widget elementor-widget-text-editor\" data-id=\"4a1cc6d\" data-element_type=\"widget\" data-widget_type=\"text-editor.default\">\n\t\t\t\t<div class=\"elementor-widget-container\">\n\t\t\t\t\t\t\t<p>Le yoga aide \u00e0 assouplir et renforcer le corps de mani\u00e8re \u00e9quilibr\u00e9e. Les postures vari\u00e9es travaillent tous les groupes musculaires, am\u00e9liorant ainsi votre flexibilit\u00e9, votre force et votre \u00e9quilibre. Vous vous sentirez plus \u00e9nergique et en harmonie avec votre corps.<\/p>\t\t\t\t\t\t<\/div>\n\t\t\t\t<\/div>\n\t\t\t\t<div class=\"elementor-element elementor-element-c6a54bb elementor-widget elementor-widget-heading\" data-id=\"c6a54bb\" data-element_type=\"widget\" data-widget_type=\"heading.default\">\n\t\t\t\t<div class=\"elementor-widget-container\">\n\t\t\t<h2 class=\"elementor-heading-title elementor-size-default\">Adapt\u00e9 \u00e0 tous les niveaux<\/h2>\t\t<\/div>\n\t\t\t\t<\/div>\n\t\t\t\t<div class=\"elementor-element elementor-element-64c00dd elementor-widget elementor-widget-text-editor\" data-id=\"64c00dd\" data-element_type=\"widget\" data-widget_type=\"text-editor.default\">\n\t\t\t\t<div class=\"elementor-widget-container\">\n\t\t\t\t\t\t\t<p>Que vous soyez d\u00e9butant ou pratiquant avanc\u00e9, nos cours de yoga sont adapt\u00e9s \u00e0 tous les niveaux. Nos professeurs exp\u00e9riment\u00e9e vous guideront avec bienveillance, en adaptant les postures \u00e0 vos capacit\u00e9s et en vous encourageant \u00e0 progresser \u00e0 votre rythme.<\/p>\t\t\t\t\t\t<\/div>\n\t\t\t\t<\/div>\n\t\t\t\t<div class=\"elementor-element elementor-element-e190668 elementor-widget elementor-widget-heading\" data-id=\"e190668\" data-element_type=\"widget\" data-widget_type=\"heading.default\">\n\t\t\t\t<div class=\"elementor-widget-container\">\n\t\t\t<h2 class=\"elementor-heading-title elementor-size-default\">Un cadre apaisant et inspirant<\/h2>\t\t<\/div>\n\t\t\t\t<\/div>\n\t\t\t\t<div class=\"elementor-element elementor-element-6da063d elementor-widget elementor-widget-text-editor\" data-id=\"6da063d\" data-element_type=\"widget\" data-widget_type=\"text-editor.default\">\n\t\t\t\t<div class=\"elementor-widget-container\">\n\t\t\t\t\t\t\t<p>Nos s\u00e9ances de yoga se d\u00e9roulent dans un environnement calme et apaisant, propice \u00e0 la d\u00e9tente et \u00e0 la m\u00e9ditation. Vous serez accueilli dans une ambiance chaleureuse et bienveillante, o\u00f9 chacun peut pratiquer en toute s\u00e9r\u00e9nit\u00e9.<\/p>\t\t\t\t\t\t<\/div>\n\t\t\t\t<\/div>\n\t\t\t\t<div class=\"elementor-element elementor-element-595fa1a elementor-widget elementor-widget-heading\" data-id=\"595fa1a\" data-element_type=\"widget\" data-widget_type=\"heading.default\">\n\t\t\t\t<div class=\"elementor-widget-container\">\n\t\t\t<h2 class=\"elementor-heading-title elementor-size-default\">Une communaut\u00e9 accueillante et motivante<\/h2>\t\t<\/div>\n\t\t\t\t<\/div>\n\t\t\t\t<div class=\"elementor-element elementor-element-030cc06 elementor-widget elementor-widget-text-editor\" data-id=\"030cc06\" data-element_type=\"widget\" data-widget_type=\"text-editor.default\">\n\t\t\t\t<div class=\"elementor-widget-container\">\n\t\t\t\t\t\t\t<p>Rejoindre nos cours de yoga, c&rsquo;est int\u00e9grer une communaut\u00e9 de pratiquants bienveillants et motiv\u00e9s. Partagez des moments de calme et de d\u00e9passement de soi, tout en faisant de nouvelles rencontres et en tissant des liens d&rsquo;amiti\u00e9.<\/p>\t\t\t\t\t\t<\/div>\n\t\t\t\t<\/div>\n\t\t\t\t<div class=\"elementor-element elementor-element-e06a557 elementor-widget elementor-widget-heading\" data-id=\"e06a557\" data-element_type=\"widget\" data-widget_type=\"heading.default\">\n\t\t\t\t<div class=\"elementor-widget-container\">\n\t\t\t<h2 class=\"elementor-heading-title elementor-size-default\">Nos s\u00e9ances de Yoga<\/h2>\t\t<\/div>\n\t\t\t\t<\/div>\n\t\t\t\t<div class=\"elementor-element elementor-element-11624be elementor-widget elementor-widget-text-editor\" data-id=\"11624be\" data-element_type=\"widget\" data-widget_type=\"text-editor.default\">\n\t\t\t\t<div class=\"elementor-widget-container\">\n\t\t\t\t\t\t\t<ul><li><strong>S\u00e9ances Matinales<\/strong><br \/>Commencez votre journ\u00e9e en pleine conscience avec nos s\u00e9ances matinales. Une excellente fa\u00e7on de r\u00e9veiller votre corps en douceur et d&rsquo;installer une \u00e9nergie positive pour la journ\u00e9e.<\/li><li><strong>S\u00e9ances Apr\u00e8s-Midi<\/strong><br \/>Profitez de l&rsquo;apr\u00e8s-midi pour une pause m\u00e9ditative et revitalisante. Nos s\u00e9ances de l&rsquo;apr\u00e8s-midi vous aideront \u00e0 rel\u00e2cher les tensions accumul\u00e9es et \u00e0 retrouver votre \u00e9quilibre int\u00e9rieur.<\/li><li><strong>S\u00e9ances du Soir<\/strong><br \/>D\u00e9tendez-vous apr\u00e8s une journ\u00e9e bien remplie avec nos s\u00e9ances du soir. Parfaites pour apaiser l&rsquo;esprit, rel\u00e2cher les tensions et pr\u00e9parer le corps \u00e0 une nuit de sommeil r\u00e9parateur.<\/li><\/ul>\t\t\t\t\t\t<\/div>\n\t\t\t\t<\/div>\n\t\t\t\t<div class=\"elementor-element elementor-element-3333dd8 elementor-widget elementor-widget-heading\" data-id=\"3333dd8\" data-element_type=\"widget\" data-widget_type=\"heading.default\">\n\t\t\t\t<div class=\"elementor-widget-container\">\n\t\t\t<h2 class=\"elementor-heading-title elementor-size-default\">Rejoignez-nous !<\/h2>\t\t<\/div>\n\t\t\t\t<\/div>\n\t\t\t\t<div class=\"elementor-element elementor-element-a648f90 elementor-widget elementor-widget-text-editor\" data-id=\"a648f90\" data-element_type=\"widget\" data-widget_type=\"text-editor.default\">\n\t\t\t\t<div class=\"elementor-widget-container\">\n\t\t\t\t\t\t\t<p>Envie de d\u00e9couvrir les bienfaits du Yoga et de retrouver votre s\u00e9r\u00e9nit\u00e9 int\u00e9rieure \u00e0 Alen\u00e7on ? Inscrivez-vous d\u00e8s maintenant \u00e0 nos cours et laissez-vous guider par nos experts.\u00a0L&rsquo;ASTMNA vous accueille dans un cadre paisible et inspirant, propice \u00e0 la d\u00e9tente et au bien-\u00eatre.<\/p><p>\u00a0Pour plus d&rsquo;informations, n&rsquo;h\u00e9sitez pas \u00e0 nous contacter ou \u00e0 venir nous rendre visite. Nous serons ravis de r\u00e9pondre \u00e0 vos questions et de vous aider \u00e0 trouver la s\u00e9ance qui vous convient le mieux.<\/p>\t\t\t\t\t\t<\/div>\n\t\t\t\t<\/div>\n\t\t\t\t<div class=\"elementor-element elementor-element-e9cd32f elementor-widget elementor-widget-heading\" data-id=\"e9cd32f\" data-element_type=\"widget\" data-widget_type=\"heading.default\">\n\t\t\t\t<div class=\"elementor-widget-container\">\n\t\t\t<h2 class=\"elementor-heading-title elementor-size-default\">Contactez-nous<\/h2>\t\t<\/div>\n\t\t\t\t<\/div>\n\t\t\t\t<div class=\"elementor-element elementor-element-0938ea8 elementor-widget elementor-widget-text-editor\" data-id=\"0938ea8\" data-element_type=\"widget\" data-widget_type=\"text-editor.default\">\n\t\t\t\t<div class=\"elementor-widget-container\">\n\t\t\t\t\t\t\t<ul><li>Email : astmna.61000@gmail.com<\/li><li>T\u00e9l\u00e9phone : 06 74 35 34 89<\/li><\/ul>\t\t\t\t\t\t<\/div>\n\t\t\t\t<\/div>\n\t\t\t\t\t<\/div>\n\t\t<\/div>\n\t\t\t\t\t<\/div>\n\t\t<\/section>\n\t\t\t\t<\/div>\n\t\t","protected":false},"excerpt":{"rendered":"<p>YOGA \u00e0 Alen\u00e7on avec l&rsquo;ASTMNA Bienvenue sur notre page d\u00e9di\u00e9e au Yoga ! D\u00e9couvrez une pratique mill\u00e9naire qui combine postures, respiration et m\u00e9ditation pour vous offrir d\u00e9tente et s\u00e9r\u00e9nit\u00e9 int\u00e9rieure. Rejoignez l&rsquo;ASTMNA \u00e0 Alen\u00e7on et int\u00e9grez nos s\u00e9ances de yoga, con\u00e7ues pour tous les niveaux. Pourquoi choisir le YOGA avec l&rsquo;ASTMNA? Une pratique pour le [&hellip;]<\/p>\n","protected":false},"author":1,"featured_media":0,"parent":0,"menu_order":0,"comment_status":"closed","ping_status":"closed","template":"","meta":{"footnotes":""},"yoast_head":"<!-- This site is optimized with the Yoast SEO plugin v23.2 - https:\/\/yoast.com\/wordpress\/plugins\/seo\/ -->\n<title>Yoga - ASTMNA<\/title>\n<meta name=\"robots\" content=\"index, follow, max-snippet:-1, max-image-preview:large, max-video-preview:-1\" \/>\n<link rel=\"canonical\" href=\"https:\/\/sport-alencon.fr\/index.php\/yoga\/\" \/>\n<meta property=\"og:locale\" content=\"fr_FR\" \/>\n<meta property=\"og:type\" content=\"article\" \/>\n<meta property=\"og:title\" content=\"Yoga - ASTMNA\" \/>\n<meta property=\"og:description\" content=\"YOGA \u00e0 Alen\u00e7on avec l&rsquo;ASTMNA Bienvenue sur notre page d\u00e9di\u00e9e au Yoga ! D\u00e9couvrez une pratique mill\u00e9naire qui combine postures, respiration et m\u00e9ditation pour vous offrir d\u00e9tente et s\u00e9r\u00e9nit\u00e9 int\u00e9rieure. Rejoignez l&rsquo;ASTMNA \u00e0 Alen\u00e7on et int\u00e9grez nos s\u00e9ances de yoga, con\u00e7ues pour tous les niveaux. Pourquoi choisir le YOGA avec l&rsquo;ASTMNA? Une pratique pour le [&hellip;]\" \/>\n<meta property=\"og:url\" content=\"https:\/\/sport-alencon.fr\/index.php\/yoga\/\" \/>\n<meta property=\"og:site_name\" content=\"ASTMNA\" \/>\n<meta property=\"article:publisher\" content=\"https:\/\/facebook.com\/yoast\" \/>\n<meta property=\"article:modified_time\" content=\"2024-08-16T15:41:10+00:00\" \/>\n<meta property=\"og:image\" content=\"https:\/\/sport-alencon.fr\/wp-content\/uploads\/2024\/08\/Yoga-avec-Sophie-300x225.jpeg\" \/>\n<meta name=\"twitter:card\" content=\"summary_large_image\" \/>\n<meta name=\"twitter:label1\" content=\"Dur\u00e9e de lecture estim\u00e9e\" \/>\n\t<meta name=\"twitter:data1\" content=\"3 minutes\" \/>\n<script type=\"application\/ld+json\" class=\"yoast-schema-graph\">{\"@context\":\"https:\/\/schema.org\",\"@graph\":[{\"@type\":\"WebPage\",\"@id\":\"https:\/\/sport-alencon.fr\/index.php\/yoga\/\",\"url\":\"https:\/\/sport-alencon.fr\/index.php\/yoga\/\",\"name\":\"Yoga - ASTMNA\",\"isPartOf\":{\"@id\":\"https:\/\/sport-alencon.fr\/#website\"},\"primaryImageOfPage\":{\"@id\":\"https:\/\/sport-alencon.fr\/index.php\/yoga\/#primaryimage\"},\"image\":{\"@id\":\"https:\/\/sport-alencon.fr\/index.php\/yoga\/#primaryimage\"},\"thumbnailUrl\":\"https:\/\/sport-alencon.fr\/wp-content\/uploads\/2024\/08\/Yoga-avec-Sophie-300x225.jpeg\",\"datePublished\":\"2024-08-16T15:40:51+00:00\",\"dateModified\":\"2024-08-16T15:41:10+00:00\",\"breadcrumb\":{\"@id\":\"https:\/\/sport-alencon.fr\/index.php\/yoga\/#breadcrumb\"},\"inLanguage\":\"fr-FR\",\"potentialAction\":[{\"@type\":\"ReadAction\",\"target\":[\"https:\/\/sport-alencon.fr\/index.php\/yoga\/\"]}]},{\"@type\":\"ImageObject\",\"inLanguage\":\"fr-FR\",\"@id\":\"https:\/\/sport-alencon.fr\/index.php\/yoga\/#primaryimage\",\"url\":\"https:\/\/sport-alencon.fr\/wp-content\/uploads\/2024\/08\/Yoga-avec-Sophie.jpeg\",\"contentUrl\":\"https:\/\/sport-alencon.fr\/wp-content\/uploads\/2024\/08\/Yoga-avec-Sophie.jpeg\",\"width\":480,\"height\":360},{\"@type\":\"BreadcrumbList\",\"@id\":\"https:\/\/sport-alencon.fr\/index.php\/yoga\/#breadcrumb\",\"itemListElement\":[{\"@type\":\"ListItem\",\"position\":1,\"name\":\"Accueil\",\"item\":\"https:\/\/sport-alencon.fr\/\"},{\"@type\":\"ListItem\",\"position\":2,\"name\":\"Yoga\"}]},{\"@type\":\"WebSite\",\"@id\":\"https:\/\/sport-alencon.fr\/#website\",\"url\":\"https:\/\/sport-alencon.fr\/\",\"name\":\"ASTMNA\",\"description\":\"Club FSGT Multi-activit\u00e9s \u00e0 Alen\u00e7on\",\"publisher\":{\"@id\":\"https:\/\/sport-alencon.fr\/#organization\"},\"potentialAction\":[{\"@type\":\"SearchAction\",\"target\":{\"@type\":\"EntryPoint\",\"urlTemplate\":\"https:\/\/sport-alencon.fr\/?s={search_term_string}\"},\"query-input\":\"required name=search_term_string\"}],\"inLanguage\":\"fr-FR\"},{\"@type\":\"Organization\",\"@id\":\"https:\/\/sport-alencon.fr\/#organization\",\"name\":\"ASTMNA\",\"url\":\"https:\/\/sport-alencon.fr\/\",\"logo\":{\"@type\":\"ImageObject\",\"inLanguage\":\"fr-FR\",\"@id\":\"https:\/\/sport-alencon.fr\/#\/schema\/logo\/image\/\",\"url\":\"https:\/\/sport-alencon.fr\/wp-content\/uploads\/2021\/03\/20220711140221.png\",\"contentUrl\":\"https:\/\/sport-alencon.fr\/wp-content\/uploads\/2021\/03\/20220711140221.png\",\"width\":500,\"height\":510,\"caption\":\"ASTMNA\"},\"image\":{\"@id\":\"https:\/\/sport-alencon.fr\/#\/schema\/logo\/image\/\"},\"sameAs\":[\"https:\/\/facebook.com\/yoast\"]}]}<\/script>\n<!-- \/ Yoast SEO plugin. -->","yoast_head_json":{"title":"Yoga - ASTMNA","robots":{"index":"index","follow":"follow","max-snippet":"max-snippet:-1","max-image-preview":"max-image-preview:large","max-video-preview":"max-video-preview:-1"},"canonical":"https:\/\/sport-alencon.fr\/index.php\/yoga\/","og_locale":"fr_FR","og_type":"article","og_title":"Yoga - ASTMNA","og_description":"YOGA \u00e0 Alen\u00e7on avec l&rsquo;ASTMNA Bienvenue sur notre page d\u00e9di\u00e9e au Yoga ! D\u00e9couvrez une pratique mill\u00e9naire qui combine postures, respiration et m\u00e9ditation pour vous offrir d\u00e9tente et s\u00e9r\u00e9nit\u00e9 int\u00e9rieure. Rejoignez l&rsquo;ASTMNA \u00e0 Alen\u00e7on et int\u00e9grez nos s\u00e9ances de yoga, con\u00e7ues pour tous les niveaux. Pourquoi choisir le YOGA avec l&rsquo;ASTMNA? Une pratique pour le [&hellip;]","og_url":"https:\/\/sport-alencon.fr\/index.php\/yoga\/","og_site_name":"ASTMNA","article_publisher":"https:\/\/facebook.com\/yoast","article_modified_time":"2024-08-16T15:41:10+00:00","og_image":[{"url":"https:\/\/sport-alencon.fr\/wp-content\/uploads\/2024\/08\/Yoga-avec-Sophie-300x225.jpeg"}],"twitter_card":"summary_large_image","twitter_misc":{"Dur\u00e9e de lecture estim\u00e9e":"3 minutes"},"schema":{"@context":"https:\/\/schema.org","@graph":[{"@type":"WebPage","@id":"https:\/\/sport-alencon.fr\/index.php\/yoga\/","url":"https:\/\/sport-alencon.fr\/index.php\/yoga\/","name":"Yoga - ASTMNA","isPartOf":{"@id":"https:\/\/sport-alencon.fr\/#website"},"primaryImageOfPage":{"@id":"https:\/\/sport-alencon.fr\/index.php\/yoga\/#primaryimage"},"image":{"@id":"https:\/\/sport-alencon.fr\/index.php\/yoga\/#primaryimage"},"thumbnailUrl":"https:\/\/sport-alencon.fr\/wp-content\/uploads\/2024\/08\/Yoga-avec-Sophie-300x225.jpeg","datePublished":"2024-08-16T15:40:51+00:00","dateModified":"2024-08-16T15:41:10+00:00","breadcrumb":{"@id":"https:\/\/sport-alencon.fr\/index.php\/yoga\/#breadcrumb"},"inLanguage":"fr-FR","potentialAction":[{"@type":"ReadAction","target":["https:\/\/sport-alencon.fr\/index.php\/yoga\/"]}]},{"@type":"ImageObject","inLanguage":"fr-FR","@id":"https:\/\/sport-alencon.fr\/index.php\/yoga\/#primaryimage","url":"https:\/\/sport-alencon.fr\/wp-content\/uploads\/2024\/08\/Yoga-avec-Sophie.jpeg","contentUrl":"https:\/\/sport-alencon.fr\/wp-content\/uploads\/2024\/08\/Yoga-avec-Sophie.jpeg","width":480,"height":360},{"@type":"BreadcrumbList","@id":"https:\/\/sport-alencon.fr\/index.php\/yoga\/#breadcrumb","itemListElement":[{"@type":"ListItem","position":1,"name":"Accueil","item":"https:\/\/sport-alencon.fr\/"},{"@type":"ListItem","position":2,"name":"Yoga"}]},{"@type":"WebSite","@id":"https:\/\/sport-alencon.fr\/#website","url":"https:\/\/sport-alencon.fr\/","name":"ASTMNA","description":"Club FSGT Multi-activit\u00e9s \u00e0 Alen\u00e7on","publisher":{"@id":"https:\/\/sport-alencon.fr\/#organization"},"potentialAction":[{"@type":"SearchAction","target":{"@type":"EntryPoint","urlTemplate":"https:\/\/sport-alencon.fr\/?s={search_term_string}"},"query-input":"required name=search_term_string"}],"inLanguage":"fr-FR"},{"@type":"Organization","@id":"https:\/\/sport-alencon.fr\/#organization","name":"ASTMNA","url":"https:\/\/sport-alencon.fr\/","logo":{"@type":"ImageObject","inLanguage":"fr-FR","@id":"https:\/\/sport-alencon.fr\/#\/schema\/logo\/image\/","url":"https:\/\/sport-alencon.fr\/wp-content\/uploads\/2021\/03\/20220711140221.png","contentUrl":"https:\/\/sport-alencon.fr\/wp-content\/uploads\/2021\/03\/20220711140221.png","width":500,"height":510,"caption":"ASTMNA"},"image":{"@id":"https:\/\/sport-alencon.fr\/#\/schema\/logo\/image\/"},"sameAs":["https:\/\/facebook.com\/yoast"]}]}},"_links":{"self":[{"href":"https:\/\/sport-alencon.fr\/index.php\/wp-json\/wp\/v2\/pages\/2645"}],"collection":[{"href":"https:\/\/sport-alencon.fr\/index.php\/wp-json\/wp\/v2\/pages"}],"about":[{"href":"https:\/\/sport-alencon.fr\/index.php\/wp-json\/wp\/v2\/types\/page"}],"author":[{"embeddable":true,"href":"https:\/\/sport-alencon.fr\/index.php\/wp-json\/wp\/v2\/users\/1"}],"replies":[{"embeddable":true,"href":"https:\/\/sport-alencon.fr\/index.php\/wp-json\/wp\/v2\/comments?post=2645"}],"version-history":[{"count":4,"href":"https:\/\/sport-alencon.fr\/index.php\/wp-json\/wp\/v2\/pages\/2645\/revisions"}],"predecessor-version":[{"id":2650,"href":"https:\/\/sport-alencon.fr\/index.php\/wp-json\/wp\/v2\/pages\/2645\/revisions\/2650"}],"wp:attachment":[{"href":"https:\/\/sport-alencon.fr\/index.php\/wp-json\/wp\/v2\/media?parent=2645"}],"curies":[{"name":"wp","href":"https:\/\/api.w.org\/{rel}","templated":true}]}}